{"id":1013,"date":"2021-05-10T10:28:57","date_gmt":"2021-05-10T08:28:57","guid":{"rendered":"https:\/\/www.treesforfuture.be\/le-projet\/localisation-des-parcelles\/"},"modified":"2021-09-14T11:18:13","modified_gmt":"2021-09-14T09:18:13","slug":"location-of-our-planting-sites","status":"publish","type":"page","link":"https:\/\/www.treesforfuture.be\/en\/the-project\/location-of-our-planting-sites\/","title":{"rendered":"Location of our planting sites"},"content":{"rendered":"<div class=\"wpb-content-wrapper\"><p>[vc_row content_placement=&#8221;middle&#8221; bg_type=&#8221;image&#8221; parallax_style=&#8221;vcpb-vz-jquery&#8221; bg_image_new=&#8221;id^682|url^https:\/\/www.treesforfuture.be\/wp-content\/uploads\/2021\/07\/parcelles.jpg|caption^null|alt^null|title^parcelles|description^null&#8221; bg_image_repeat=&#8221;no-repeat&#8221; parallax_sense=&#8221;20&#8243; bg_override=&#8221;ex-full&#8221; enable_overlay=&#8221;enable_overlay_value&#8221; overlay_color=&#8221;rgba(0,103,56,0.2)&#8221; el_class=&#8221;custom-main&#8221;][vc_column]<div class=\"ult-spacer spacer-69e356283e920\" data-id=\"69e356283e920\" data-height=\"70\" data-height-mobile=\"0\" data-height-tab=\"70\" data-height-tab-portrait=\"0\" data-height-mobile-landscape=\"0\" style=\"clear:both;display:block;\"><\/div>[vc_row_inner css=&#8221;.vc_custom_1620736001209{padding-top: 80px !important;padding-bottom: 80px !important;}&#8221;][vc_column_inner offset=&#8221;vc_col-lg-offset-3 vc_col-lg-6 vc_col-md-offset-2 vc_col-md-8&#8243;][vc_column_text css_animation=&#8221;none&#8221; el_class=&#8221;custom-white&#8221;]<\/p>\n<h1 style=\"text-align: center;\">Location of our planting sites<\/h1>\n<p>[\/vc_column_text][\/vc_column_inner][\/vc_row_inner]<div class=\"ult-spacer spacer-69e356283e975\" data-id=\"69e356283e975\" data-height=\"200\" data-height-mobile=\"0\" data-height-tab=\"200\" data-height-tab-portrait=\"0\" data-height-mobile-landscape=\"0\" style=\"clear:both;display:block;\"><\/div>[vc_raw_html css=&#8221;.vc_custom_1620654997937{margin-bottom: 0px !important;}&#8221;]JTNDZGl2JTIwY2xhc3MlM0QlMjJjdXN0b20tc2hhcGUtZGl2aWRlci1ib3R0b20lMjBjdXN0b20tc2hhcGUtd2F2ZXMlMjIlM0UlMEElMjAlMjAlMjAlMjAlM0NzdmclMjB4bWxucyUzRCUyMmh0dHAlM0ElMkYlMkZ3d3cudzMub3JnJTJGMjAwMCUyRnN2ZyUyMiUyMHZpZXdCb3glM0QlMjIwJTIwMCUyMDEyMDAlMjAxMzAlMjIlM0UlM0NwYXRoJTIwc3R5bGUlM0QlMjJmaWxsJTNBJTIzZmZmJTNCJTIyJTIwZCUzRCUyMk0wJTJDMzcuODZzMjQyLjE2JTJDODYuNjYlMkM1MjEuMjUlMkM1LjJDODI0LjUzLTQ1LjQ1JTJDMTA0Ni40NSUyQzMyJTJDMTIwMCUyQzkwLjN2NDMuNzdIMFolMjIlMkYlM0UlM0MlMkZzdmclM0UlMEElM0MlMkZkaXYlM0U=[\/vc_raw_html][\/vc_column][\/vc_row][vc_row equal_height=&#8221;yes&#8221; seperator_enable=&#8221;seperator_enable_value&#8221; seperator_type=&#8221;xlarge_circle_seperator&#8221; seperator_position=&#8221;bottom_seperator&#8221; seperator_svg_height=&#8221;100&#8243; seperator_shape_background=&#8221;#e9f0eb&#8221; el_class=&#8221;custom-zindex&#8221;][vc_column width=&#8221;1\/2&#8243; offset=&#8221;vc_col-lg-offset-2 vc_col-lg-6&#8243; css=&#8221;.vc_custom_1620738675879{padding-top: 0px !important;}&#8221;]<div class=\"ult-spacer spacer-69e356283e9ac\" data-id=\"69e356283e9ac\" data-height=\"0\" data-height-mobile=\"80\" data-height-tab=\"0\" data-height-tab-portrait=\"100\" data-height-mobile-landscape=\"80\" style=\"clear:both;display:block;\"><\/div>[vc_column_text]<\/p>\n<h2>Forestry arboretums<\/h2>\n<p class=\"p1\">At the end of 2018 and beginning of 2019, we used a set of specifications featuring different technical parameters (type of soil, land area, angle of slope, etc.) to select the planting sites at which our \u201cForestry arboretums\u201d will be planted. Over time, <strong>25 to 30 different sites<\/strong> will be planted across the country. Each site will host 1 to 5 different species to be tested. Each species is represented by 2 or 3 different plant provenances and will be planted at a minimum of 3 sites that are as contrasting as possible in terms of climate.<\/p>\n<p>[\/vc_column_text]<div class=\"ult-spacer spacer-69e356283e9dc\" data-id=\"69e356283e9dc\" data-height=\"150\" data-height-mobile=\"0\" data-height-tab=\"150\" data-height-tab-portrait=\"150\" data-height-mobile-landscape=\"0\" style=\"clear:both;display:block;\"><\/div>[\/vc_column][vc_column width=&#8221;1\/2&#8243; css=&#8221;.vc_custom_1620735629161{padding-top: 0px !important;padding-right: 0px !important;padding-bottom: 0px !important;padding-left: 0px !important;}&#8221; el_class=&#8221;custom-bottom-shape&#8221; offset=&#8221;vc_col-lg-4&#8243;][vc_single_image image=&#8221;687&#8243; img_size=&#8221;500&#215;500&#8243; alignment=&#8221;right&#8221; css_animation=&#8221;fadeIn&#8221; css=&#8221;.vc_custom_1625131634152{margin-right: -100px !important;margin-bottom: 0px !important;}&#8221; el_class=&#8221;custom-img-radius-l&#8221;][\/vc_column][\/vc_row][vc_row bg_type=&#8221;image&#8221; parallax_style=&#8221;vcpb-default&#8221; bg_image_new=&#8221;id^150|url^https:\/\/www.treesforfuture.be\/wp-content\/uploads\/2021\/05\/bg.png|caption^null|alt^null|title^bg|description^null&#8221; bg_image_repeat=&#8221;no-repeat&#8221; bg_image_size=&#8221;initial&#8221; bg_image_posiiton=&#8221;left bottom&#8221; bg_override=&#8221;ex-full&#8221; css=&#8221;.vc_custom_1625131726690{padding-top: 30px !important;padding-bottom: 50px !important;background-color: #e9f0eb !important;}&#8221; el_class=&#8221;custom-bg&#8221;][vc_column offset=&#8221;vc_col-lg-offset-2 vc_col-lg-8&#8243;][vc_column_text]<\/p>\n<h2 style=\"text-align: center;\">The planting sites across the country<\/h2>\n<p>&nbsp;<\/p>\n<p style=\"text-align: center;\"><div class=\"geodir-wgt-map bsui sdel-649aa306\" ><!--START geodir-map-wrap-->\n<div class=\"geodir-map-wrap geodir-directory-map-wrap 100 600px overflow-hidden\">\n\t<div id=\"catcher_gd_map_canvas_directory\"><\/div>\n\t<!--START stick_trigger_container-->\n\t<div class=\"stick_trigger_container bsui\">\n\t\t<div class=\"trigger_sticky triggeroff_sticky mt-n5 btn btn-secondary me-n2 me-n2 c-pointer\" style=\"display: none;\">\n\t\t\t<i class=\"fas fa-map-marked-alt\"><\/i>\n\t\t\t<i class=\"fas fa-angle-right\"><\/i>\n\t\t<\/div>\n\t\t<!--end of stick trigger container-->\n\t\t<div class=\"geodir_map_container gd_map_canvas_directory bsui position-relative mw-100\"\n\t\t     id=\"sticky_map_gd_map_canvas_directory\"\n\t\t     style=\"width:100%;min-height:600px;\">\n\t\t\t<!--END map_background-->\n\t\t\t<div class=\"map_background\">\n\t\t\t\t<div class=\"top_banner_section_in clearfix\">\n\t\t\t\t\t<div class=\"gd_map_canvas_directory_TopLeft TopLeft position-absolute bg-white text-muted rounded-sm rounded-1 shadow-sm m-2 px-1 py-1 h5 c-pointer\" style=\"z-index: 3;\">\n\t\t\t\t\t\t<span class=\"triggermap\" id=\"gd_map_canvas_directory_triggermap\">\n\t\t\t\t\t\t\t<i class=\"fas fa-expand-arrows-alt fa-fw fa-width-fixed\" aria-hidden=\"true\"><\/i>\n\t\t\t\t\t\t\t<i class=\"fas fa-compress-arrows-alt fa-fw fa-width-fixed d-none\" aria-hidden=\"true\"><\/i>\n\t\t\t\t\t\t<\/span>\n\t\t\t\t\t<\/div>\n\t\t\t\t\t<div class=\"gd_map_canvas_directory_TopRight TopRight\"><\/div>\n\t\t\t\t\t<div id=\"gd_map_canvas_directory_wrapper\" class=\"main_map_wrapper\" style=\"height:600px;width:100%;\">\n\t\t\t\t\t\t<div class=\"iprelative position-relative\">\n\t\t\t\t\t\t\t<div id=\"gd_map_canvas_directory\" class=\"geodir-map-canvas\" data-map-type=\"directory\" data-map-canvas=\"gd_map_canvas_directory\" style=\"height:600px;width:100%;z-index: 0;\" ><\/div>\n\t\t\t\t\t\t\t<div id=\"gd_map_canvas_directory_loading_div\" class=\"loading_div overlay overlay-black position-absolute row m-0\" style=\"height:600px;width:100%;top:0;z-index: 2;\">\n\t\t\t\t\t\t\t\t<div class=\"spinner-border mx-auto align-self-center text-white\" role=\"status\">\n\t\t\t\t\t\t\t\t\t<span class=\"visually-hidden\">Loading...<\/span>\n\t\t\t\t\t\t\t\t<\/div>\n\t\t\t\t\t\t\t<\/div>\n\t\t\t\t\t\t\t<div id=\"gd_map_canvas_directory_map_nofound\"\n\t\t\t\t\t\t\t     class=\"advmap_nofound position-absolute row m-0 z-index-1\"\n\t\t\t\t\t\t\t     style=\"display:none;transform: translate(-50%, -50%);top:50%;left:50%;opacity: .85;pointer-events: none;\">\n\t\t\t\t\t\t\t\t<div class=\"alert alert-info text-center mx-auto align-self-center shadow-lg mb-0\">\n\t\t\t\t\t\t\t\t\t<div class='h3 alert-heading'>No Records Found<\/div><p> Sorry, no records were found. Please adjust your search criteria and try again.<\/p>\t\t\t\t\t\t\t\t<\/div>\n\t\t\t\t\t\t\t<\/div>\n\t\t\t\t\t\t\t<div id=\"gd_map_canvas_directory_map_notloaded\"\n\t\t\t\t\t\t\t     class=\"advmap_notloaded position-absolute row m-0 z-index-1\"\n\t\t\t\t\t\t\t     style=\"display:none;transform: translate(-50%, -50%);top:50%;left:50%;opacity: .85;pointer-events: none;\">\n\t\t\t\t\t\t\t\t<div class=\"alert alert-danger text-center mx-auto align-self-center shadow-lg mb-0\">\n\t\t\t\t\t\t\t\t\t<div class='h3 alert-heading'>Maps failed to load<\/div><p> Sorry, unable to load the Maps API.<\/p>\t\t\t\t\t\t\t\t<\/div>\n\t\t\t\t\t\t\t<\/div>\n\t\t\t\t\t\t<\/div>\n\t\t\t\t\t<\/div>\n\t\t\t\t\t<div class=\"gd_map_canvas_directory_BottomLeft BottomLeft\"><\/div>\n\t\t\t\t<\/div>\n\t\t\t<\/div><!--END map_background-->\n\t\t\t\t\t<\/div>\n\t\t<style>.geodir_map_container .poi-info-window .full-width{width:180px;position:relative;margin-left:inherit;left:inherit;}.geodir-map-canvas .gm-style img{max-width:none}<\/style>\n<script type=\"text\/javascript\">\nwindow.gdBaseLat = 0;\nwindow.gdBaseLng = 0;\nwindow.gdBaseZoom = 0;\njQuery(function ($) {\n\t\t\t\t\tvar gdMapCanvas = 'gd_map_canvas_directory';\n\t\t\tbuild_map_ajax_search_param(gdMapCanvas, false);\t\t\t\t\t\t\t\t\t\t\t\tvar screenH, heightVH, ptypeH = 0;\n\t\t\tscreenH = $(window).height();\n\t\t\theightVH = parseFloat('600');\n\t\t\tif ($(\"#\" + gdMapCanvas + \"_posttype_menu\").length) {\n\t\t\t\tptypeH = $(\"#\" + gdMapCanvas + \"_posttype_menu\").outerHeight();\n\t\t\t}\n\t\t\t$(\"#\" + gdMapCanvas + \"_cat\").css(\"max-height\", heightVH - ptypeH + 'px');\n\t\t\t});\n<\/script>\n\t\t\t<\/div><!--END stick_trigger_container-->\n<\/div><!--END geodir-map-wrap-->\n<style>body.stickymap_hide .stickymap{display:none!important}body.stickymap_hide .stick_trigger_container .fa-angle-right{transform:rotate(180deg)}body.body_fullscreen>.stick_trigger_container{width:100vw;height:100vh;position:fixed;z-index:50000}body.gd-google-maps .geodir-map-wrap .geodir-map-cat-filter-wrap{margin-bottom:14px!important}body.gd-osm-gmaps .geodir-map-wrap .geodir-map-cat-filter-wrap{margin-bottom:16.5px!important}<\/style>\n<\/div>\n<p>[\/vc_column_text][\/vc_column][\/vc_row][vc_row bg_type=&#8221;image&#8221; parallax_style=&#8221;vcpb-vz-jquery&#8221; bg_image_new=&#8221;id^387|url^https:\/\/www.treesforfuture.be\/wp-content\/uploads\/2021\/05\/IMG_20200531_143425.jpg|caption^null|alt^null|title^IMG_20200531_143425|description^null&#8221; bg_image_repeat=&#8221;no-repeat&#8221; parallax_sense=&#8221;20&#8243; bg_override=&#8221;full&#8221; enable_overlay=&#8221;enable_overlay_value&#8221; overlay_color=&#8221;rgba(0,103,56,0.2)&#8221; el_id=&#8221;don&#8221;][vc_column][vc_row_inner css=&#8221;.vc_custom_1624948679932{padding-top: 50px !important;padding-bottom: 80px !important;}&#8221;][vc_column_inner offset=&#8221;vc_col-lg-offset-3 vc_col-lg-6&#8243; css=&#8221;.vc_custom_1622796481860{padding-top: 20px !important;padding-right: 20px !important;padding-bottom: 20px !important;padding-left: 20px !important;background-color: #f58a22 !important;border-radius: 10px !important;}&#8221;][vc_widget_sidebar show_bg=&#8221;false&#8221; sidebar_id=&#8221;sidebar_3&#8243;][\/vc_column_inner][\/vc_row_inner][\/vc_column][\/vc_row][vc_row css=&#8221;.vc_custom_1625124272900{padding-top: 30px !important;}&#8221;][vc_column][vc_widget_sidebar show_bg=&#8221;false&#8221; sidebar_id=&#8221;sidebar_5&#8243;][\/vc_column][\/vc_row]<\/p>\n<\/div>","protected":false},"excerpt":{"rendered":"<p>[vc_row content_placement=&#8221;middle&#8221; bg_type=&#8221;image&#8221; parallax_style=&#8221;vcpb-vz-jquery&#8221; bg_image_new=&#8221;id^682|url^https:\/\/www.treesforfuture.be\/wp-content\/uploads\/2021\/07\/parcelles.jpg|caption^null|alt^null|title^parcelles|description^null&#8221; bg_image_repeat=&#8221;no-repeat&#8221; parallax_sense=&#8221;20&#8243; bg_override=&#8221;ex-full&#8221; enable_overlay=&#8221;enable_overlay_value&#8221; overlay_color=&#8221;rgba(0,103,56,0.2)&#8221; el_class=&#8221;custom-main&#8221;][vc_column][vc_row_inner css=&#8221;.vc_custom_1620736001209{padding-top: 80px !important;padding-bottom: 80px !important;}&#8221;][vc_column_inner offset=&#8221;vc_col-lg-offset-3 vc_col-lg-6 vc_col-md-offset-2 vc_col-md-8&#8243;][vc_column_text css_animation=&#8221;none&#8221; el_class=&#8221;custom-white&#8221;] Location of our planting sites [\/vc_column_text][\/vc_column_inner][\/vc_row_inner][vc_raw_html css=&#8221;.vc_custom_1620654997937{margin-bottom: 0px !important;}&#8221;]JTNDZGl2JTIwY2xhc3MlM0QlMjJjdXN0b20tc2hhcGUtZGl2aWRlci1ib3R0b20lMjBjdXN0b20tc2hhcGUtd2F2ZXMlMjIlM0UlMEElMjAlMjAlMjAlMjAlM0NzdmclMjB4bWxucyUzRCUyMmh0dHAlM0ElMkYlMkZ3d3cudzMub3JnJTJGMjAwMCUyRnN2ZyUyMiUyMHZpZXdCb3glM0QlMjIwJTIwMCUyMDEyMDAlMjAxMzAlMjIlM0UlM0NwYXRoJTIwc3R5bGUlM0QlMjJmaWxsJTNBJTIzZmZmJTNCJTIyJTIwZCUzRCUyMk0wJTJDMzcuODZzMjQyLjE2JTJDODYuNjYlMkM1MjEuMjUlMkM1LjJDODI0LjUzLTQ1LjQ1JTJDMTA0Ni40NSUyQzMyJTJDMTIwMCUyQzkwLjN2NDMuNzdIMFolMjIlMkYlM0UlM0MlMkZzdmclM0UlMEElM0MlMkZkaXYlM0U=[\/vc_raw_html][\/vc_column][\/vc_row][vc_row equal_height=&#8221;yes&#8221; seperator_enable=&#8221;seperator_enable_value&#8221; seperator_type=&#8221;xlarge_circle_seperator&#8221; seperator_position=&#8221;bottom_seperator&#8221; seperator_svg_height=&#8221;100&#8243; seperator_shape_background=&#8221;#e9f0eb&#8221; el_class=&#8221;custom-zindex&#8221;][vc_column width=&#8221;1\/2&#8243; offset=&#8221;vc_col-lg-offset-2 vc_col-lg-6&#8243; css=&#8221;.vc_custom_1620738675879{padding-top: 0px !important;}&#8221;][vc_column_text] Forestry arboretums At the end of 2018 and beginning of 2019,&hellip;<\/p>\n","protected":false},"author":1,"featured_media":0,"parent":1000,"menu_order":4,"comment_status":"closed","ping_status":"closed","template":"","meta":{"footnotes":""},"class_list":["post-1013","page","type-page","status-publish","hentry","description-off"],"yoast_head":"<!-- This site is optimized with the Yoast SEO plugin v27.4 - https:\/\/yoast.com\/product\/yoast-seo-wordpress\/ -->\n<title>Parcelles exp\u00e9rimentales belges arboretums forestiers | Trees For Future<\/title>\n<meta name=\"description\" content=\"D\u00e9couvrez la localisation et sp\u00e9cificit\u00e9s des parcelles exp\u00e9rimentales en Belgique de notre projet arboretum Trees For Future\" \/>\n<meta name=\"robots\" content=\"index, follow, max-snippet:-1, max-image-preview:large, max-video-preview:-1\" \/>\n<link rel=\"canonical\" href=\"https:\/\/www.treesforfuture.be\/en\/the-project\/location-of-our-planting-sites\/\" \/>\n<meta property=\"og:locale\" content=\"en_US\" \/>\n<meta property=\"og:type\" content=\"article\" \/>\n<meta property=\"og:title\" content=\"Parcelles exp\u00e9rimentales belges arboretums forestiers | Trees For Future\" \/>\n<meta property=\"og:description\" content=\"D\u00e9couvrez la localisation et sp\u00e9cificit\u00e9s des parcelles exp\u00e9rimentales en Belgique de notre projet arboretum Trees For Future\" \/>\n<meta property=\"og:url\" content=\"https:\/\/www.treesforfuture.be\/en\/the-project\/location-of-our-planting-sites\/\" \/>\n<meta property=\"og:site_name\" content=\"TREES FOR FUTURE\" \/>\n<meta property=\"article:modified_time\" content=\"2021-09-14T09:18:13+00:00\" \/>\n<meta name=\"twitter:card\" content=\"summary_large_image\" \/>\n<meta name=\"twitter:label1\" content=\"Est. reading time\" \/>\n\t<meta name=\"twitter:data1\" content=\"2 minutes\" \/>\n<script type=\"application\/ld+json\" class=\"yoast-schema-graph\">{\"@context\":\"https:\\\/\\\/schema.org\",\"@graph\":[{\"@type\":\"WebPage\",\"@id\":\"https:\\\/\\\/www.treesforfuture.be\\\/en\\\/the-project\\\/location-of-our-planting-sites\\\/\",\"url\":\"https:\\\/\\\/www.treesforfuture.be\\\/en\\\/the-project\\\/location-of-our-planting-sites\\\/\",\"name\":\"Parcelles exp\u00e9rimentales belges arboretums forestiers | Trees For Future\",\"isPartOf\":{\"@id\":\"https:\\\/\\\/www.treesforfuture.be\\\/#website\"},\"datePublished\":\"2021-05-10T08:28:57+00:00\",\"dateModified\":\"2021-09-14T09:18:13+00:00\",\"description\":\"D\u00e9couvrez la localisation et sp\u00e9cificit\u00e9s des parcelles exp\u00e9rimentales en Belgique de notre projet arboretum Trees For Future\",\"breadcrumb\":{\"@id\":\"https:\\\/\\\/www.treesforfuture.be\\\/en\\\/the-project\\\/location-of-our-planting-sites\\\/#breadcrumb\"},\"inLanguage\":\"en-US\",\"potentialAction\":[{\"@type\":\"ReadAction\",\"target\":[\"https:\\\/\\\/www.treesforfuture.be\\\/en\\\/the-project\\\/location-of-our-planting-sites\\\/\"]}]},{\"@type\":\"BreadcrumbList\",\"@id\":\"https:\\\/\\\/www.treesforfuture.be\\\/en\\\/the-project\\\/location-of-our-planting-sites\\\/#breadcrumb\",\"itemListElement\":[{\"@type\":\"ListItem\",\"position\":1,\"name\":\"Accueil\",\"item\":\"https:\\\/\\\/www.treesforfuture.be\\\/en\\\/\"},{\"@type\":\"ListItem\",\"position\":2,\"name\":\"The project\",\"item\":\"https:\\\/\\\/www.treesforfuture.be\\\/en\\\/the-project\\\/\"},{\"@type\":\"ListItem\",\"position\":3,\"name\":\"Location of our planting sites\"}]},{\"@type\":\"WebSite\",\"@id\":\"https:\\\/\\\/www.treesforfuture.be\\\/#website\",\"url\":\"https:\\\/\\\/www.treesforfuture.be\\\/\",\"name\":\"TREES FOR FUTURE\",\"description\":\"\",\"potentialAction\":[{\"@type\":\"SearchAction\",\"target\":{\"@type\":\"EntryPoint\",\"urlTemplate\":\"https:\\\/\\\/www.treesforfuture.be\\\/?s={search_term_string}\"},\"query-input\":{\"@type\":\"PropertyValueSpecification\",\"valueRequired\":true,\"valueName\":\"search_term_string\"}}],\"inLanguage\":\"en-US\"}]}<\/script>\n<!-- \/ Yoast SEO plugin. -->","yoast_head_json":{"title":"Parcelles exp\u00e9rimentales belges arboretums forestiers | Trees For Future","description":"D\u00e9couvrez la localisation et sp\u00e9cificit\u00e9s des parcelles exp\u00e9rimentales en Belgique de notre projet arboretum Trees For Future","robots":{"index":"index","follow":"follow","max-snippet":"max-snippet:-1","max-image-preview":"max-image-preview:large","max-video-preview":"max-video-preview:-1"},"canonical":"https:\/\/www.treesforfuture.be\/en\/the-project\/location-of-our-planting-sites\/","og_locale":"en_US","og_type":"article","og_title":"Parcelles exp\u00e9rimentales belges arboretums forestiers | Trees For Future","og_description":"D\u00e9couvrez la localisation et sp\u00e9cificit\u00e9s des parcelles exp\u00e9rimentales en Belgique de notre projet arboretum Trees For Future","og_url":"https:\/\/www.treesforfuture.be\/en\/the-project\/location-of-our-planting-sites\/","og_site_name":"TREES FOR FUTURE","article_modified_time":"2021-09-14T09:18:13+00:00","twitter_card":"summary_large_image","twitter_misc":{"Est. reading time":"2 minutes"},"schema":{"@context":"https:\/\/schema.org","@graph":[{"@type":"WebPage","@id":"https:\/\/www.treesforfuture.be\/en\/the-project\/location-of-our-planting-sites\/","url":"https:\/\/www.treesforfuture.be\/en\/the-project\/location-of-our-planting-sites\/","name":"Parcelles exp\u00e9rimentales belges arboretums forestiers | Trees For Future","isPartOf":{"@id":"https:\/\/www.treesforfuture.be\/#website"},"datePublished":"2021-05-10T08:28:57+00:00","dateModified":"2021-09-14T09:18:13+00:00","description":"D\u00e9couvrez la localisation et sp\u00e9cificit\u00e9s des parcelles exp\u00e9rimentales en Belgique de notre projet arboretum Trees For Future","breadcrumb":{"@id":"https:\/\/www.treesforfuture.be\/en\/the-project\/location-of-our-planting-sites\/#breadcrumb"},"inLanguage":"en-US","potentialAction":[{"@type":"ReadAction","target":["https:\/\/www.treesforfuture.be\/en\/the-project\/location-of-our-planting-sites\/"]}]},{"@type":"BreadcrumbList","@id":"https:\/\/www.treesforfuture.be\/en\/the-project\/location-of-our-planting-sites\/#breadcrumb","itemListElement":[{"@type":"ListItem","position":1,"name":"Accueil","item":"https:\/\/www.treesforfuture.be\/en\/"},{"@type":"ListItem","position":2,"name":"The project","item":"https:\/\/www.treesforfuture.be\/en\/the-project\/"},{"@type":"ListItem","position":3,"name":"Location of our planting sites"}]},{"@type":"WebSite","@id":"https:\/\/www.treesforfuture.be\/#website","url":"https:\/\/www.treesforfuture.be\/","name":"TREES FOR FUTURE","description":"","potentialAction":[{"@type":"SearchAction","target":{"@type":"EntryPoint","urlTemplate":"https:\/\/www.treesforfuture.be\/?s={search_term_string}"},"query-input":{"@type":"PropertyValueSpecification","valueRequired":true,"valueName":"search_term_string"}}],"inLanguage":"en-US"}]}},"_links":{"self":[{"href":"https:\/\/www.treesforfuture.be\/en\/wp-json\/wp\/v2\/pages\/1013","targetHints":{"allow":["GET"]}}],"collection":[{"href":"https:\/\/www.treesforfuture.be\/en\/wp-json\/wp\/v2\/pages"}],"about":[{"href":"https:\/\/www.treesforfuture.be\/en\/wp-json\/wp\/v2\/types\/page"}],"author":[{"embeddable":true,"href":"https:\/\/www.treesforfuture.be\/en\/wp-json\/wp\/v2\/users\/1"}],"replies":[{"embeddable":true,"href":"https:\/\/www.treesforfuture.be\/en\/wp-json\/wp\/v2\/comments?post=1013"}],"version-history":[{"count":0,"href":"https:\/\/www.treesforfuture.be\/en\/wp-json\/wp\/v2\/pages\/1013\/revisions"}],"up":[{"embeddable":true,"href":"https:\/\/www.treesforfuture.be\/en\/wp-json\/wp\/v2\/pages\/1000"}],"wp:attachment":[{"href":"https:\/\/www.treesforfuture.be\/en\/wp-json\/wp\/v2\/media?parent=1013"}],"curies":[{"name":"wp","href":"https:\/\/api.w.org\/{rel}","templated":true}]}}