{"id":1037,"date":"2021-05-10T10:32:34","date_gmt":"2021-05-10T08:32:34","guid":{"rendered":"https:\/\/www.treesforfuture.be\/mecenat\/comment-devenir-mecene\/entreprise\/"},"modified":"2021-09-14T12:08:13","modified_gmt":"2021-09-14T10:08:13","slug":"business","status":"publish","type":"page","link":"https:\/\/www.treesforfuture.be\/en\/sponsorship\/how-do-you-become-a-sponsor\/business\/","title":{"rendered":"Business"},"content":{"rendered":"<div class=\"wpb-content-wrapper\"><p>[vc_row content_placement=&#8221;middle&#8221; bg_type=&#8221;image&#8221; parallax_style=&#8221;vcpb-vz-jquery&#8221; bg_image_new=&#8221;id^767|url^https:\/\/www.treesforfuture.be\/wp-content\/uploads\/2021\/07\/entreprise-2.jpg|caption^null|alt^null|title^entreprise-2|description^null&#8221; bg_image_repeat=&#8221;no-repeat&#8221; parallax_sense=&#8221;20&#8243; bg_override=&#8221;ex-full&#8221; enable_overlay=&#8221;enable_overlay_value&#8221; overlay_color=&#8221;rgba(0,103,56,0.2)&#8221; el_class=&#8221;custom-main&#8221;][vc_column]<div class=\"ult-spacer spacer-69e70454236d2\" data-id=\"69e70454236d2\" data-height=\"70\" data-height-mobile=\"0\" data-height-tab=\"70\" data-height-tab-portrait=\"0\" data-height-mobile-landscape=\"0\" style=\"clear:both;display:block;\"><\/div>[vc_row_inner css=&#8221;.vc_custom_1620736001209{padding-top: 80px !important;padding-bottom: 80px !important;}&#8221;][vc_column_inner offset=&#8221;vc_col-lg-offset-3 vc_col-lg-6 vc_col-md-offset-2 vc_col-md-8&#8243;][vc_column_text css_animation=&#8221;none&#8221; el_class=&#8221;custom-white&#8221;]<\/p>\n<h1 style=\"text-align: center;\">Business<\/h1>\n<p>[\/vc_column_text][\/vc_column_inner][\/vc_row_inner]<div class=\"ult-spacer spacer-69e704542372e\" data-id=\"69e704542372e\" data-height=\"200\" data-height-mobile=\"0\" data-height-tab=\"200\" data-height-tab-portrait=\"0\" data-height-mobile-landscape=\"0\" style=\"clear:both;display:block;\"><\/div>[vc_raw_html css=&#8221;.vc_custom_1620654997937{margin-bottom: 0px !important;}&#8221;]JTNDZGl2JTIwY2xhc3MlM0QlMjJjdXN0b20tc2hhcGUtZGl2aWRlci1ib3R0b20lMjBjdXN0b20tc2hhcGUtd2F2ZXMlMjIlM0UlMEElMjAlMjAlMjAlMjAlM0NzdmclMjB4bWxucyUzRCUyMmh0dHAlM0ElMkYlMkZ3d3cudzMub3JnJTJGMjAwMCUyRnN2ZyUyMiUyMHZpZXdCb3glM0QlMjIwJTIwMCUyMDEyMDAlMjAxMzAlMjIlM0UlM0NwYXRoJTIwc3R5bGUlM0QlMjJmaWxsJTNBJTIzZmZmJTNCJTIyJTIwZCUzRCUyMk0wJTJDMzcuODZzMjQyLjE2JTJDODYuNjYlMkM1MjEuMjUlMkM1LjJDODI0LjUzLTQ1LjQ1JTJDMTA0Ni40NSUyQzMyJTJDMTIwMCUyQzkwLjN2NDMuNzdIMFolMjIlMkYlM0UlM0MlMkZzdmclM0UlMEElM0MlMkZkaXYlM0U=[\/vc_raw_html][\/vc_column][\/vc_row][vc_row equal_height=&#8221;yes&#8221; seperator_enable=&#8221;seperator_enable_value&#8221; seperator_type=&#8221;xlarge_circle_seperator&#8221; seperator_position=&#8221;bottom_seperator&#8221; seperator_svg_height=&#8221;100&#8243; seperator_shape_background=&#8221;#e9f0eb&#8221; el_class=&#8221;custom-zindex&#8221;][vc_column width=&#8221;1\/2&#8243; offset=&#8221;vc_col-lg-offset-2 vc_col-lg-6&#8243; css=&#8221;.vc_custom_1620738675879{padding-top: 0px !important;}&#8221;]<div class=\"ult-spacer spacer-69e7045423763\" data-id=\"69e7045423763\" data-height=\"0\" data-height-mobile=\"80\" data-height-tab=\"0\" data-height-tab-portrait=\"100\" data-height-mobile-landscape=\"80\" style=\"clear:both;display:block;\"><\/div>[vc_column_text]<\/p>\n<h2>Secure your sponsorship in genuine corporate value<\/h2>\n<p class=\"p1\">Inform your employees and make them aware of the importance of preserving our forests.<\/p>\n<p class=\"p1\">Act now and link your corporate image to an enterprising research project relating to the future of our forests. Your sponsorship will enable you to:<\/p>\n<ul class=\"ul1\">\n<li class=\"li2\"><span class=\"s2\">Assert your identity and <strong>strengthen your corporate image<\/strong>, committed to a <strong>CSR process;<\/strong><\/span><\/li>\n<li class=\"li2\"><span class=\"s2\">Associate <strong>your corporate values<\/strong> with a cause that makes sense at a time when we are banking on our forests to play their role as a carbon sink to the full;<\/span><\/li>\n<li class=\"li2\"><span class=\"s2\"><strong>Unite<\/strong> your teams, staff and customers by making them more aware of a cause that <strong>concerns us all<\/strong>;<\/span><\/li>\n<li class=\"li2\"><span class=\"s2\">Make a positive contribution to the research into <strong>building the forests of tomorrow<\/strong> in response to climate change;<\/span><\/li>\n<li class=\"li2\"><span class=\"s2\">Take advantage of<strong> tax benefits.<\/strong><\/span><\/li>\n<\/ul>\n<p class=\"p1\">Act NOW!<\/p>\n<p>[\/vc_column_text]<style type=\"text\/css\" data-type=\"the7_shortcodes-inline-css\">#default-btn-d91f5595db4b177a9aa62ce9be7ecc06.ico-right-side > i {\n  margin-right: 0px;\n  margin-left: 8px;\n}\n#default-btn-d91f5595db4b177a9aa62ce9be7ecc06 > i {\n  margin-right: 8px;\n}<\/style><a href=\"https:\/\/www.treesforfuture.be\/en\/contact-us\/#question-mecenat\" class=\"default-btn-shortcode dt-btn dt-btn-l link-hover-off btn-inline-left \" id=\"default-btn-d91f5595db4b177a9aa62ce9be7ecc06\" title=\"Contact\"><span>Contact us !<\/span><\/a><div class=\"ult-spacer spacer-69e70454239f5\" data-id=\"69e70454239f5\" data-height=\"150\" data-height-mobile=\"0\" data-height-tab=\"150\" data-height-tab-portrait=\"150\" data-height-mobile-landscape=\"0\" style=\"clear:both;display:block;\"><\/div>[\/vc_column][vc_column width=&#8221;1\/2&#8243; css=&#8221;.vc_custom_1620735629161{padding-top: 0px !important;padding-right: 0px !important;padding-bottom: 0px !important;padding-left: 0px !important;}&#8221; el_class=&#8221;custom-bottom-shape&#8221; offset=&#8221;vc_col-lg-4&#8243;][vc_single_image image=&#8221;766&#8243; img_size=&#8221;500&#215;500&#8243; alignment=&#8221;right&#8221; css_animation=&#8221;fadeIn&#8221; css=&#8221;.vc_custom_1625143763390{margin-right: -100px !important;margin-bottom: 0px !important;}&#8221; el_class=&#8221;custom-img-radius-l&#8221;][\/vc_column][\/vc_row][vc_row bg_type=&#8221;image&#8221; parallax_style=&#8221;vcpb-default&#8221; bg_image_new=&#8221;id^150|url^https:\/\/www.treesforfuture.be\/wp-content\/uploads\/2021\/05\/bg.png|caption^null|alt^null|title^bg|description^null&#8221; bg_image_repeat=&#8221;no-repeat&#8221; bg_image_size=&#8221;initial&#8221; bg_image_posiiton=&#8221;left bottom&#8221; bg_override=&#8221;ex-full&#8221; css=&#8221;.vc_custom_1625143846366{padding-top: 30px !important;padding-bottom: 50px !important;background-color: #e9f0eb !important;}&#8221; el_class=&#8221;custom-bg&#8221;][vc_column offset=&#8221;vc_col-lg-offset-3 vc_col-lg-6 vc_col-md-offset-2 vc_col-md-8&#8243;]<div class=\"ult-just-icon-wrapper   vc_custom_1625143689790\"><div class=\"align-icon\" style=\"text-align:center;\">\n<div class=\"aio-icon none \" data-animation=\"fadeInUp\" data-animation-delay=\"03\" style=\"color:#006738;font-size:65px;display:inline-block;\">\n\t<i class=\"fas fa-lightbulb\"><\/i>\n<\/div><\/div><\/div>[vc_column_text]<\/p>\n<h2 style=\"text-align: center;\">Did you know?<\/h2>\n<p style=\"text-align: center;\">The percentage of tax deductibility is linked to your company\u2019s rate of taxation. For each financial year, the total donations made may not exceed 5% of taxable revenue, or a maximum total amount of 500,000 \u20ac.<\/p>\n<p>[\/vc_column_text][\/vc_column][\/vc_row][vc_row bg_type=&#8221;image&#8221; parallax_style=&#8221;vcpb-vz-jquery&#8221; bg_image_new=&#8221;id^387|url^https:\/\/www.treesforfuture.be\/wp-content\/uploads\/2021\/05\/IMG_20200531_143425.jpg|caption^null|alt^null|title^IMG_20200531_143425|description^null&#8221; bg_image_repeat=&#8221;no-repeat&#8221; parallax_sense=&#8221;20&#8243; bg_override=&#8221;full&#8221; enable_overlay=&#8221;enable_overlay_value&#8221; overlay_color=&#8221;rgba(0,103,56,0.2)&#8221; el_id=&#8221;don&#8221;][vc_column][vc_row_inner css=&#8221;.vc_custom_1624948679932{padding-top: 50px !important;padding-bottom: 80px !important;}&#8221;][vc_column_inner offset=&#8221;vc_col-lg-offset-3 vc_col-lg-6&#8243; css=&#8221;.vc_custom_1622796481860{padding-top: 20px !important;padding-right: 20px !important;padding-bottom: 20px !important;padding-left: 20px !important;background-color: #f58a22 !important;border-radius: 10px !important;}&#8221;][vc_widget_sidebar show_bg=&#8221;false&#8221; sidebar_id=&#8221;sidebar_3&#8243;][\/vc_column_inner][\/vc_row_inner][\/vc_column][\/vc_row][vc_row css=&#8221;.vc_custom_1625124272900{padding-top: 30px !important;}&#8221;][vc_column][vc_widget_sidebar show_bg=&#8221;false&#8221; sidebar_id=&#8221;sidebar_5&#8243;][\/vc_column][\/vc_row]<\/p>\n<\/div>","protected":false},"excerpt":{"rendered":"<p>[vc_row content_placement=&#8221;middle&#8221; bg_type=&#8221;image&#8221; parallax_style=&#8221;vcpb-vz-jquery&#8221; bg_image_new=&#8221;id^767|url^https:\/\/www.treesforfuture.be\/wp-content\/uploads\/2021\/07\/entreprise-2.jpg|caption^null|alt^null|title^entreprise-2|description^null&#8221; bg_image_repeat=&#8221;no-repeat&#8221; parallax_sense=&#8221;20&#8243; bg_override=&#8221;ex-full&#8221; enable_overlay=&#8221;enable_overlay_value&#8221; overlay_color=&#8221;rgba(0,103,56,0.2)&#8221; el_class=&#8221;custom-main&#8221;][vc_column][vc_row_inner css=&#8221;.vc_custom_1620736001209{padding-top: 80px !important;padding-bottom: 80px !important;}&#8221;][vc_column_inner offset=&#8221;vc_col-lg-offset-3 vc_col-lg-6 vc_col-md-offset-2 vc_col-md-8&#8243;][vc_column_text css_animation=&#8221;none&#8221; el_class=&#8221;custom-white&#8221;] Business [\/vc_column_text][\/vc_column_inner][\/vc_row_inner][vc_raw_html css=&#8221;.vc_custom_1620654997937{margin-bottom: 0px !important;}&#8221;]JTNDZGl2JTIwY2xhc3MlM0QlMjJjdXN0b20tc2hhcGUtZGl2aWRlci1ib3R0b20lMjBjdXN0b20tc2hhcGUtd2F2ZXMlMjIlM0UlMEElMjAlMjAlMjAlMjAlM0NzdmclMjB4bWxucyUzRCUyMmh0dHAlM0ElMkYlMkZ3d3cudzMub3JnJTJGMjAwMCUyRnN2ZyUyMiUyMHZpZXdCb3glM0QlMjIwJTIwMCUyMDEyMDAlMjAxMzAlMjIlM0UlM0NwYXRoJTIwc3R5bGUlM0QlMjJmaWxsJTNBJTIzZmZmJTNCJTIyJTIwZCUzRCUyMk0wJTJDMzcuODZzMjQyLjE2JTJDODYuNjYlMkM1MjEuMjUlMkM1LjJDODI0LjUzLTQ1LjQ1JTJDMTA0Ni40NSUyQzMyJTJDMTIwMCUyQzkwLjN2NDMuNzdIMFolMjIlMkYlM0UlM0MlMkZzdmclM0UlMEElM0MlMkZkaXYlM0U=[\/vc_raw_html][\/vc_column][\/vc_row][vc_row equal_height=&#8221;yes&#8221; seperator_enable=&#8221;seperator_enable_value&#8221; seperator_type=&#8221;xlarge_circle_seperator&#8221; seperator_position=&#8221;bottom_seperator&#8221; seperator_svg_height=&#8221;100&#8243; seperator_shape_background=&#8221;#e9f0eb&#8221; el_class=&#8221;custom-zindex&#8221;][vc_column width=&#8221;1\/2&#8243; offset=&#8221;vc_col-lg-offset-2 vc_col-lg-6&#8243; css=&#8221;.vc_custom_1620738675879{padding-top: 0px !important;}&#8221;][vc_column_text] Secure your sponsorship in genuine corporate value Inform your employees and make them aware of&hellip;<\/p>\n","protected":false},"author":1,"featured_media":0,"parent":1031,"menu_order":2,"comment_status":"closed","ping_status":"closed","template":"","meta":{"footnotes":""},"class_list":["post-1037","page","type-page","status-publish","hentry","description-off"],"yoast_head":"<!-- This site is optimized with the Yoast SEO plugin v27.4 - https:\/\/yoast.com\/product\/yoast-seo-wordpress\/ -->\n<title>M\u00e9c\u00e9nat d&#039;entreprise pour Trees For Future<\/title>\n<meta name=\"description\" content=\"Ancrez votre m\u00e9c\u00e9nat dans une v\u00e9ritable valeur d\u2019entreprise. Informez et sensibilisez vos employ\u00e9s \u00e0 l\u2019importance de pr\u00e9server nos for\u00eats.\" \/>\n<meta name=\"robots\" content=\"index, follow, max-snippet:-1, max-image-preview:large, max-video-preview:-1\" \/>\n<link rel=\"canonical\" href=\"https:\/\/www.treesforfuture.be\/en\/sponsorship\/how-do-you-become-a-sponsor\/business\/\" \/>\n<meta property=\"og:locale\" content=\"en_US\" \/>\n<meta property=\"og:type\" content=\"article\" \/>\n<meta property=\"og:title\" content=\"M\u00e9c\u00e9nat d&#039;entreprise pour Trees For Future\" \/>\n<meta property=\"og:description\" content=\"Ancrez votre m\u00e9c\u00e9nat dans une v\u00e9ritable valeur d\u2019entreprise. Informez et sensibilisez vos employ\u00e9s \u00e0 l\u2019importance de pr\u00e9server nos for\u00eats.\" \/>\n<meta property=\"og:url\" content=\"https:\/\/www.treesforfuture.be\/en\/sponsorship\/how-do-you-become-a-sponsor\/business\/\" \/>\n<meta property=\"og:site_name\" content=\"TREES FOR FUTURE\" \/>\n<meta property=\"article:modified_time\" content=\"2021-09-14T10:08:13+00:00\" \/>\n<meta name=\"twitter:card\" content=\"summary_large_image\" \/>\n<meta name=\"twitter:label1\" content=\"Est. reading time\" \/>\n\t<meta name=\"twitter:data1\" content=\"2 minutes\" \/>\n<script type=\"application\/ld+json\" class=\"yoast-schema-graph\">{\"@context\":\"https:\\\/\\\/schema.org\",\"@graph\":[{\"@type\":\"WebPage\",\"@id\":\"https:\\\/\\\/www.treesforfuture.be\\\/en\\\/sponsorship\\\/how-do-you-become-a-sponsor\\\/business\\\/\",\"url\":\"https:\\\/\\\/www.treesforfuture.be\\\/en\\\/sponsorship\\\/how-do-you-become-a-sponsor\\\/business\\\/\",\"name\":\"M\u00e9c\u00e9nat d'entreprise pour Trees For Future\",\"isPartOf\":{\"@id\":\"https:\\\/\\\/www.treesforfuture.be\\\/#website\"},\"datePublished\":\"2021-05-10T08:32:34+00:00\",\"dateModified\":\"2021-09-14T10:08:13+00:00\",\"description\":\"Ancrez votre m\u00e9c\u00e9nat dans une v\u00e9ritable valeur d\u2019entreprise. Informez et sensibilisez vos employ\u00e9s \u00e0 l\u2019importance de pr\u00e9server nos for\u00eats.\",\"breadcrumb\":{\"@id\":\"https:\\\/\\\/www.treesforfuture.be\\\/en\\\/sponsorship\\\/how-do-you-become-a-sponsor\\\/business\\\/#breadcrumb\"},\"inLanguage\":\"en-US\",\"potentialAction\":[{\"@type\":\"ReadAction\",\"target\":[\"https:\\\/\\\/www.treesforfuture.be\\\/en\\\/sponsorship\\\/how-do-you-become-a-sponsor\\\/business\\\/\"]}]},{\"@type\":\"BreadcrumbList\",\"@id\":\"https:\\\/\\\/www.treesforfuture.be\\\/en\\\/sponsorship\\\/how-do-you-become-a-sponsor\\\/business\\\/#breadcrumb\",\"itemListElement\":[{\"@type\":\"ListItem\",\"position\":1,\"name\":\"Accueil\",\"item\":\"https:\\\/\\\/www.treesforfuture.be\\\/en\\\/\"},{\"@type\":\"ListItem\",\"position\":2,\"name\":\"Sponsorship\",\"item\":\"https:\\\/\\\/www.treesforfuture.be\\\/en\\\/sponsorship\\\/\"},{\"@type\":\"ListItem\",\"position\":3,\"name\":\"How do you become a sponsor?\",\"item\":\"https:\\\/\\\/www.treesforfuture.be\\\/en\\\/sponsorship\\\/how-do-you-become-a-sponsor\\\/\"},{\"@type\":\"ListItem\",\"position\":4,\"name\":\"Business\"}]},{\"@type\":\"WebSite\",\"@id\":\"https:\\\/\\\/www.treesforfuture.be\\\/#website\",\"url\":\"https:\\\/\\\/www.treesforfuture.be\\\/\",\"name\":\"TREES FOR FUTURE\",\"description\":\"\",\"potentialAction\":[{\"@type\":\"SearchAction\",\"target\":{\"@type\":\"EntryPoint\",\"urlTemplate\":\"https:\\\/\\\/www.treesforfuture.be\\\/?s={search_term_string}\"},\"query-input\":{\"@type\":\"PropertyValueSpecification\",\"valueRequired\":true,\"valueName\":\"search_term_string\"}}],\"inLanguage\":\"en-US\"}]}<\/script>\n<!-- \/ Yoast SEO plugin. -->","yoast_head_json":{"title":"M\u00e9c\u00e9nat d'entreprise pour Trees For Future","description":"Ancrez votre m\u00e9c\u00e9nat dans une v\u00e9ritable valeur d\u2019entreprise. Informez et sensibilisez vos employ\u00e9s \u00e0 l\u2019importance de pr\u00e9server nos for\u00eats.","robots":{"index":"index","follow":"follow","max-snippet":"max-snippet:-1","max-image-preview":"max-image-preview:large","max-video-preview":"max-video-preview:-1"},"canonical":"https:\/\/www.treesforfuture.be\/en\/sponsorship\/how-do-you-become-a-sponsor\/business\/","og_locale":"en_US","og_type":"article","og_title":"M\u00e9c\u00e9nat d'entreprise pour Trees For Future","og_description":"Ancrez votre m\u00e9c\u00e9nat dans une v\u00e9ritable valeur d\u2019entreprise. Informez et sensibilisez vos employ\u00e9s \u00e0 l\u2019importance de pr\u00e9server nos for\u00eats.","og_url":"https:\/\/www.treesforfuture.be\/en\/sponsorship\/how-do-you-become-a-sponsor\/business\/","og_site_name":"TREES FOR FUTURE","article_modified_time":"2021-09-14T10:08:13+00:00","twitter_card":"summary_large_image","twitter_misc":{"Est. reading time":"2 minutes"},"schema":{"@context":"https:\/\/schema.org","@graph":[{"@type":"WebPage","@id":"https:\/\/www.treesforfuture.be\/en\/sponsorship\/how-do-you-become-a-sponsor\/business\/","url":"https:\/\/www.treesforfuture.be\/en\/sponsorship\/how-do-you-become-a-sponsor\/business\/","name":"M\u00e9c\u00e9nat d'entreprise pour Trees For Future","isPartOf":{"@id":"https:\/\/www.treesforfuture.be\/#website"},"datePublished":"2021-05-10T08:32:34+00:00","dateModified":"2021-09-14T10:08:13+00:00","description":"Ancrez votre m\u00e9c\u00e9nat dans une v\u00e9ritable valeur d\u2019entreprise. Informez et sensibilisez vos employ\u00e9s \u00e0 l\u2019importance de pr\u00e9server nos for\u00eats.","breadcrumb":{"@id":"https:\/\/www.treesforfuture.be\/en\/sponsorship\/how-do-you-become-a-sponsor\/business\/#breadcrumb"},"inLanguage":"en-US","potentialAction":[{"@type":"ReadAction","target":["https:\/\/www.treesforfuture.be\/en\/sponsorship\/how-do-you-become-a-sponsor\/business\/"]}]},{"@type":"BreadcrumbList","@id":"https:\/\/www.treesforfuture.be\/en\/sponsorship\/how-do-you-become-a-sponsor\/business\/#breadcrumb","itemListElement":[{"@type":"ListItem","position":1,"name":"Accueil","item":"https:\/\/www.treesforfuture.be\/en\/"},{"@type":"ListItem","position":2,"name":"Sponsorship","item":"https:\/\/www.treesforfuture.be\/en\/sponsorship\/"},{"@type":"ListItem","position":3,"name":"How do you become a sponsor?","item":"https:\/\/www.treesforfuture.be\/en\/sponsorship\/how-do-you-become-a-sponsor\/"},{"@type":"ListItem","position":4,"name":"Business"}]},{"@type":"WebSite","@id":"https:\/\/www.treesforfuture.be\/#website","url":"https:\/\/www.treesforfuture.be\/","name":"TREES FOR FUTURE","description":"","potentialAction":[{"@type":"SearchAction","target":{"@type":"EntryPoint","urlTemplate":"https:\/\/www.treesforfuture.be\/?s={search_term_string}"},"query-input":{"@type":"PropertyValueSpecification","valueRequired":true,"valueName":"search_term_string"}}],"inLanguage":"en-US"}]}},"_links":{"self":[{"href":"https:\/\/www.treesforfuture.be\/en\/wp-json\/wp\/v2\/pages\/1037","targetHints":{"allow":["GET"]}}],"collection":[{"href":"https:\/\/www.treesforfuture.be\/en\/wp-json\/wp\/v2\/pages"}],"about":[{"href":"https:\/\/www.treesforfuture.be\/en\/wp-json\/wp\/v2\/types\/page"}],"author":[{"embeddable":true,"href":"https:\/\/www.treesforfuture.be\/en\/wp-json\/wp\/v2\/users\/1"}],"replies":[{"embeddable":true,"href":"https:\/\/www.treesforfuture.be\/en\/wp-json\/wp\/v2\/comments?post=1037"}],"version-history":[{"count":0,"href":"https:\/\/www.treesforfuture.be\/en\/wp-json\/wp\/v2\/pages\/1037\/revisions"}],"up":[{"embeddable":true,"href":"https:\/\/www.treesforfuture.be\/en\/wp-json\/wp\/v2\/pages\/1031"}],"wp:attachment":[{"href":"https:\/\/www.treesforfuture.be\/en\/wp-json\/wp\/v2\/media?parent=1037"}],"curies":[{"name":"wp","href":"https:\/\/api.w.org\/{rel}","templated":true}]}}