{"id":1010,"date":"2021-05-10T10:29:44","date_gmt":"2021-05-10T08:29:44","guid":{"rendered":"https:\/\/www.treesforfuture.be\/het-project\/resultats-2\/"},"modified":"2025-06-06T15:04:14","modified_gmt":"2025-06-06T13:04:14","slug":"resultaten","status":"publish","type":"page","link":"https:\/\/www.treesforfuture.be\/nl\/het-project\/resultaten\/","title":{"rendered":"Resultaten"},"content":{"rendered":"<div class=\"wpb-content-wrapper\"><p>[vc_row content_placement=&#8221;middle&#8221; bg_type=&#8221;image&#8221; parallax_style=&#8221;vcpb-vz-jquery&#8221; bg_image_new=&#8221;id^767|url^https:\/\/www.treesforfuture.be\/wp-content\/uploads\/2021\/07\/entreprise-2.jpg|caption^null|alt^null|title^entreprise-2|description^null&#8221; bg_image_repeat=&#8221;no-repeat&#8221; parallax_sense=&#8221;20&#8243; bg_override=&#8221;ex-full&#8221; enable_overlay=&#8221;enable_overlay_value&#8221; overlay_color=&#8221;rgba(0,103,56,0.2)&#8221; el_class=&#8221;custom-main&#8221;][vc_column]<div class=\"ult-spacer spacer-6a07ab5dc2c8a\" data-id=\"6a07ab5dc2c8a\" data-height=\"70\" data-height-mobile=\"0\" data-height-tab=\"70\" data-height-tab-portrait=\"0\" data-height-mobile-landscape=\"0\" style=\"clear:both;display:block;\"><\/div>[vc_row_inner css=&#8221;.vc_custom_1620736001209{padding-top: 80px !important;padding-bottom: 80px !important;}&#8221;][vc_column_inner offset=&#8221;vc_col-lg-offset-3 vc_col-lg-6 vc_col-md-offset-2 vc_col-md-8&#8243;][vc_column_text css_animation=&#8221;none&#8221; el_class=&#8221;custom-white&#8221;]<\/p>\n<h1 style=\"text-align: center;\">Resultaten<\/h1>\n<p>[\/vc_column_text][\/vc_column_inner][\/vc_row_inner]<div class=\"ult-spacer spacer-6a07ab5dc2cdc\" data-id=\"6a07ab5dc2cdc\" data-height=\"200\" data-height-mobile=\"0\" data-height-tab=\"200\" data-height-tab-portrait=\"0\" data-height-mobile-landscape=\"0\" style=\"clear:both;display:block;\"><\/div>[vc_raw_html css=&#8221;.vc_custom_1620654997937{margin-bottom: 0px !important;}&#8221;]JTNDZGl2JTIwY2xhc3MlM0QlMjJjdXN0b20tc2hhcGUtZGl2aWRlci1ib3R0b20lMjBjdXN0b20tc2hhcGUtd2F2ZXMlMjIlM0UlMEElMjAlMjAlMjAlMjAlM0NzdmclMjB4bWxucyUzRCUyMmh0dHAlM0ElMkYlMkZ3d3cudzMub3JnJTJGMjAwMCUyRnN2ZyUyMiUyMHZpZXdCb3glM0QlMjIwJTIwMCUyMDEyMDAlMjAxMzAlMjIlM0UlM0NwYXRoJTIwc3R5bGUlM0QlMjJmaWxsJTNBJTIzZmZmJTNCJTIyJTIwZCUzRCUyMk0wJTJDMzcuODZzMjQyLjE2JTJDODYuNjYlMkM1MjEuMjUlMkM1LjJDODI0LjUzLTQ1LjQ1JTJDMTA0Ni40NSUyQzMyJTJDMTIwMCUyQzkwLjN2NDMuNzdIMFolMjIlMkYlM0UlM0MlMkZzdmclM0UlMEElM0MlMkZkaXYlM0U=[\/vc_raw_html][\/vc_column][\/vc_row][vc_row equal_height=&#8221;yes&#8221; seperator_enable=&#8221;seperator_enable_value&#8221; seperator_type=&#8221;xlarge_circle_seperator&#8221; seperator_position=&#8221;bottom_seperator&#8221; seperator_svg_height=&#8221;100&#8243; seperator_shape_background=&#8221;#e9f0eb&#8221; el_class=&#8221;custom-zindex&#8221; css=&#8221;.vc_custom_1625131068473{padding-bottom: 50px !important;}&#8221;][vc_column offset=&#8221;vc_col-lg-offset-3 vc_col-lg-6 vc_col-md-offset-2 vc_col-md-8&#8243; css=&#8221;.vc_custom_1625130849749{padding-top: 0px !important;}&#8221;]<div class=\"ult-spacer spacer-6a07ab5dc2d0f\" data-id=\"6a07ab5dc2d0f\" data-height=\"0\" data-height-mobile=\"80\" data-height-tab=\"0\" data-height-tab-portrait=\"100\" data-height-mobile-landscape=\"80\" style=\"clear:both;display:block;\"><\/div>[vc_column_text]<\/p>\n<h2>Onze beheersverslagen<\/h2>\n<p class=\"p1\">Het bos evolueert volgens een ander ritme dan de mens. De bosbouwer weet dit goed. Hij plant voor de generaties die na hem komen.<\/p>\n<p class=\"p1\">Het project <em>&#8220;Trees for Future&#8221;<\/em> vormt geen uitzondering op dit ritme. Het is een <b>langetermijnproject<\/b>. De aanplantingen die vandaag worden uitgevoerd, zullen gedurende verschillende decennia worden gevolgd. Toch zullen de metingen en waarnemingen die jaarlijks worden verricht, geleidelijk belangrijke informatie opleveren voor de bosbouwers van morgen.<\/p>\n<p class=\"p1\">Wij delen graag onze verslagen en andere artikelen over het toezicht op de Bosarboretums.<\/p>\n<p>[\/vc_column_text][vc_row_inner][vc_column_inner width=&#8221;1\/2&#8243;][vc_single_image image=&#8221;5163&#8243; img_size=&#8221;250 x 275&#8243; alignment=&#8221;center&#8221; style=&#8221;vc_box_border&#8221; onclick=&#8221;custom_link&#8221; img_link_target=&#8221;_blank&#8221; css=&#8221;&#8221; title=&#8221;Activiteitenverslag 2023 &#8211; 2024&#8243; link=&#8221;https:\/\/www.treesforfuture.be\/wp-content\/uploads\/2024\/11\/RA-TFF-2024-NL-PRINTcompressed.pdf&#8221;][vc_single_image image=&#8221;3954&#8243; img_size=&#8221;250 x 275&#8243; alignment=&#8221;center&#8221; style=&#8221;vc_box_border&#8221; onclick=&#8221;custom_link&#8221; img_link_target=&#8221;_blank&#8221; css=&#8221;&#8221; title=&#8221;Activiteitenverslag juli 2022&#8243; link=&#8221;https:\/\/www.treesforfuture.be\/wp-content\/uploads\/2023\/08\/RA2022TFF.pdf&#8221;][vc_single_image image=&#8221;1528&#8243; img_size=&#8221;250&#215;354&#8243; alignment=&#8221;center&#8221; style=&#8221;vc_box_border&#8221; onclick=&#8221;custom_link&#8221; css_animation=&#8221;fadeIn&#8221; title=&#8221;Activiteitenverslag juli 2021&#8243; link=&#8221;https:\/\/www.treesforfuture.be\/wp-content\/uploads\/2021\/12\/RA_TFF_juli2021.pdf&#8221;][\/vc_column_inner][vc_column_inner width=&#8221;1\/2&#8243;][vc_single_image image=&#8221;5167&#8243; img_size=&#8221;250 x 275&#8243; alignment=&#8221;center&#8221; style=&#8221;vc_box_border&#8221; onclick=&#8221;custom_link&#8221; img_link_target=&#8221;_blank&#8221; css=&#8221;&#8221; title=&#8221;Activiteitenverslag 2022-2023&#8243; link=&#8221;https:\/\/www.treesforfuture.be\/wp-content\/uploads\/2025\/06\/NL-RA-TFF-realise-en-2023-BVH-CSS_compressed.pdf&#8221;][vc_single_image image=&#8221;668&#8243; img_size=&#8221;250&#215;354&#8243; alignment=&#8221;center&#8221; style=&#8221;vc_box_border&#8221; onclick=&#8221;custom_link&#8221; img_link_target=&#8221;_blank&#8221; css_animation=&#8221;fadeIn&#8221; link=&#8221;https:\/\/www.treesforfuture.be\/wp-content\/uploads\/2021\/07\/rapport-activite-arbo-sponsors2019.pdf&#8221; title=&#8221;Activiteitenverslag juli 2020&#8243;][\/vc_column_inner][\/vc_row_inner][\/vc_column][\/vc_row][vc_row bg_type=&#8221;image&#8221; parallax_style=&#8221;vcpb-vz-jquery&#8221; bg_image_new=&#8221;id^387|url^https:\/\/www.treesforfuture.be\/wp-content\/uploads\/2021\/05\/IMG_20200531_143425.jpg|caption^null|alt^null|title^IMG_20200531_143425|description^null&#8221; bg_image_repeat=&#8221;no-repeat&#8221; parallax_sense=&#8221;20&#8243; bg_override=&#8221;full&#8221; enable_overlay=&#8221;enable_overlay_value&#8221; overlay_color=&#8221;rgba(0,103,56,0.2)&#8221; el_id=&#8221;don&#8221;][vc_column][vc_row_inner css=&#8221;.vc_custom_1624948679932{padding-top: 50px !important;padding-bottom: 80px !important;}&#8221;][vc_column_inner offset=&#8221;vc_col-lg-offset-3 vc_col-lg-6&#8243; css=&#8221;.vc_custom_1622796481860{padding-top: 20px !important;padding-right: 20px !important;padding-bottom: 20px !important;padding-left: 20px !important;background-color: #f58a22 !important;border-radius: 10px !important;}&#8221;][vc_widget_sidebar show_bg=&#8221;false&#8221; sidebar_id=&#8221;sidebar_3&#8243;][\/vc_column_inner][\/vc_row_inner][\/vc_column][\/vc_row][vc_row css=&#8221;.vc_custom_1625124272900{padding-top: 30px !important;}&#8221;][vc_column][vc_widget_sidebar show_bg=&#8221;false&#8221; sidebar_id=&#8221;sidebar_5&#8243;][\/vc_column][\/vc_row]<\/p>\n<\/div>","protected":false},"excerpt":{"rendered":"<p>[vc_row content_placement=&#8221;middle&#8221; bg_type=&#8221;image&#8221; parallax_style=&#8221;vcpb-vz-jquery&#8221; bg_image_new=&#8221;id^767|url^https:\/\/www.treesforfuture.be\/wp-content\/uploads\/2021\/07\/entreprise-2.jpg|caption^null|alt^null|title^entreprise-2|description^null&#8221; bg_image_repeat=&#8221;no-repeat&#8221; parallax_sense=&#8221;20&#8243; bg_override=&#8221;ex-full&#8221; enable_overlay=&#8221;enable_overlay_value&#8221; overlay_color=&#8221;rgba(0,103,56,0.2)&#8221; el_class=&#8221;custom-main&#8221;][vc_column][vc_row_inner css=&#8221;.vc_custom_1620736001209{padding-top: 80px !important;padding-bottom: 80px !important;}&#8221;][vc_column_inner offset=&#8221;vc_col-lg-offset-3 vc_col-lg-6 vc_col-md-offset-2 vc_col-md-8&#8243;][vc_column_text css_animation=&#8221;none&#8221; el_class=&#8221;custom-white&#8221;] Resultaten [\/vc_column_text][\/vc_column_inner][\/vc_row_inner][vc_raw_html css=&#8221;.vc_custom_1620654997937{margin-bottom: 0px !important;}&#8221;]JTNDZGl2JTIwY2xhc3MlM0QlMjJjdXN0b20tc2hhcGUtZGl2aWRlci1ib3R0b20lMjBjdXN0b20tc2hhcGUtd2F2ZXMlMjIlM0UlMEElMjAlMjAlMjAlMjAlM0NzdmclMjB4bWxucyUzRCUyMmh0dHAlM0ElMkYlMkZ3d3cudzMub3JnJTJGMjAwMCUyRnN2ZyUyMiUyMHZpZXdCb3glM0QlMjIwJTIwMCUyMDEyMDAlMjAxMzAlMjIlM0UlM0NwYXRoJTIwc3R5bGUlM0QlMjJmaWxsJTNBJTIzZmZmJTNCJTIyJTIwZCUzRCUyMk0wJTJDMzcuODZzMjQyLjE2JTJDODYuNjYlMkM1MjEuMjUlMkM1LjJDODI0LjUzLTQ1LjQ1JTJDMTA0Ni40NSUyQzMyJTJDMTIwMCUyQzkwLjN2NDMuNzdIMFolMjIlMkYlM0UlM0MlMkZzdmclM0UlMEElM0MlMkZkaXYlM0U=[\/vc_raw_html][\/vc_column][\/vc_row][vc_row equal_height=&#8221;yes&#8221; seperator_enable=&#8221;seperator_enable_value&#8221; seperator_type=&#8221;xlarge_circle_seperator&#8221; seperator_position=&#8221;bottom_seperator&#8221; seperator_svg_height=&#8221;100&#8243; seperator_shape_background=&#8221;#e9f0eb&#8221; el_class=&#8221;custom-zindex&#8221; css=&#8221;.vc_custom_1625131068473{padding-bottom: 50px !important;}&#8221;][vc_column offset=&#8221;vc_col-lg-offset-3 vc_col-lg-6 vc_col-md-offset-2 vc_col-md-8&#8243; css=&#8221;.vc_custom_1625130849749{padding-top: 0px !important;}&#8221;][vc_column_text] Onze beheersverslagen Het bos evolueert volgens een ander ritme dan de&hellip;<\/p>\n","protected":false},"author":1,"featured_media":0,"parent":999,"menu_order":3,"comment_status":"closed","ping_status":"closed","template":"","meta":{"footnotes":""},"class_list":["post-1010","page","type-page","status-publish","hentry","description-off"],"yoast_head":"<!-- This site is optimized with the Yoast SEO plugin v27.6 - https:\/\/yoast.com\/product\/yoast-seo-wordpress\/ -->\n<title>R\u00e9sultats et rapports de gestion du projet Trees For Future<\/title>\n<meta name=\"description\" content=\"Au rythme de la for\u00eat, le projet Trees For Future a une vision \u00e0 long terme. D\u00e9couvrez les r\u00e9sultats observ\u00e9s sur nos parcelles belges.\" \/>\n<meta name=\"robots\" content=\"index, follow, max-snippet:-1, max-image-preview:large, max-video-preview:-1\" \/>\n<link rel=\"canonical\" href=\"https:\/\/www.treesforfuture.be\/nl\/het-project\/resultaten\/\" \/>\n<meta property=\"og:locale\" content=\"nl_NL\" \/>\n<meta property=\"og:type\" content=\"article\" \/>\n<meta property=\"og:title\" content=\"R\u00e9sultats et rapports de gestion du projet Trees For Future\" \/>\n<meta property=\"og:description\" content=\"Au rythme de la for\u00eat, le projet Trees For Future a une vision \u00e0 long terme. D\u00e9couvrez les r\u00e9sultats observ\u00e9s sur nos parcelles belges.\" \/>\n<meta property=\"og:url\" content=\"https:\/\/www.treesforfuture.be\/nl\/het-project\/resultaten\/\" \/>\n<meta property=\"og:site_name\" content=\"TREES FOR FUTURE\" \/>\n<meta property=\"article:modified_time\" content=\"2025-06-06T13:04:14+00:00\" \/>\n<meta name=\"twitter:card\" content=\"summary_large_image\" \/>\n<meta name=\"twitter:label1\" content=\"Geschatte leestijd\" \/>\n\t<meta name=\"twitter:data1\" content=\"3 minuten\" \/>\n<script type=\"application\/ld+json\" class=\"yoast-schema-graph\">{\"@context\":\"https:\\\/\\\/schema.org\",\"@graph\":[{\"@type\":\"WebPage\",\"@id\":\"https:\\\/\\\/www.treesforfuture.be\\\/nl\\\/het-project\\\/resultaten\\\/\",\"url\":\"https:\\\/\\\/www.treesforfuture.be\\\/nl\\\/het-project\\\/resultaten\\\/\",\"name\":\"R\u00e9sultats et rapports de gestion du projet Trees For Future\",\"isPartOf\":{\"@id\":\"https:\\\/\\\/www.treesforfuture.be\\\/#website\"},\"datePublished\":\"2021-05-10T08:29:44+00:00\",\"dateModified\":\"2025-06-06T13:04:14+00:00\",\"description\":\"Au rythme de la for\u00eat, le projet Trees For Future a une vision \u00e0 long terme. D\u00e9couvrez les r\u00e9sultats observ\u00e9s sur nos parcelles belges.\",\"breadcrumb\":{\"@id\":\"https:\\\/\\\/www.treesforfuture.be\\\/nl\\\/het-project\\\/resultaten\\\/#breadcrumb\"},\"inLanguage\":\"nl-NL\",\"potentialAction\":[{\"@type\":\"ReadAction\",\"target\":[\"https:\\\/\\\/www.treesforfuture.be\\\/nl\\\/het-project\\\/resultaten\\\/\"]}]},{\"@type\":\"BreadcrumbList\",\"@id\":\"https:\\\/\\\/www.treesforfuture.be\\\/nl\\\/het-project\\\/resultaten\\\/#breadcrumb\",\"itemListElement\":[{\"@type\":\"ListItem\",\"position\":1,\"name\":\"Accueil\",\"item\":\"https:\\\/\\\/www.treesforfuture.be\\\/nl\\\/\"},{\"@type\":\"ListItem\",\"position\":2,\"name\":\"Het project\",\"item\":\"https:\\\/\\\/www.treesforfuture.be\\\/nl\\\/het-project\\\/\"},{\"@type\":\"ListItem\",\"position\":3,\"name\":\"Resultaten\"}]},{\"@type\":\"WebSite\",\"@id\":\"https:\\\/\\\/www.treesforfuture.be\\\/#website\",\"url\":\"https:\\\/\\\/www.treesforfuture.be\\\/\",\"name\":\"TREES FOR FUTURE\",\"description\":\"\",\"potentialAction\":[{\"@type\":\"SearchAction\",\"target\":{\"@type\":\"EntryPoint\",\"urlTemplate\":\"https:\\\/\\\/www.treesforfuture.be\\\/?s={search_term_string}\"},\"query-input\":{\"@type\":\"PropertyValueSpecification\",\"valueRequired\":true,\"valueName\":\"search_term_string\"}}],\"inLanguage\":\"nl-NL\"}]}<\/script>\n<!-- \/ Yoast SEO plugin. -->","yoast_head_json":{"title":"R\u00e9sultats et rapports de gestion du projet Trees For Future","description":"Au rythme de la for\u00eat, le projet Trees For Future a une vision \u00e0 long terme. D\u00e9couvrez les r\u00e9sultats observ\u00e9s sur nos parcelles belges.","robots":{"index":"index","follow":"follow","max-snippet":"max-snippet:-1","max-image-preview":"max-image-preview:large","max-video-preview":"max-video-preview:-1"},"canonical":"https:\/\/www.treesforfuture.be\/nl\/het-project\/resultaten\/","og_locale":"nl_NL","og_type":"article","og_title":"R\u00e9sultats et rapports de gestion du projet Trees For Future","og_description":"Au rythme de la for\u00eat, le projet Trees For Future a une vision \u00e0 long terme. D\u00e9couvrez les r\u00e9sultats observ\u00e9s sur nos parcelles belges.","og_url":"https:\/\/www.treesforfuture.be\/nl\/het-project\/resultaten\/","og_site_name":"TREES FOR FUTURE","article_modified_time":"2025-06-06T13:04:14+00:00","twitter_card":"summary_large_image","twitter_misc":{"Geschatte leestijd":"3 minuten"},"schema":{"@context":"https:\/\/schema.org","@graph":[{"@type":"WebPage","@id":"https:\/\/www.treesforfuture.be\/nl\/het-project\/resultaten\/","url":"https:\/\/www.treesforfuture.be\/nl\/het-project\/resultaten\/","name":"R\u00e9sultats et rapports de gestion du projet Trees For Future","isPartOf":{"@id":"https:\/\/www.treesforfuture.be\/#website"},"datePublished":"2021-05-10T08:29:44+00:00","dateModified":"2025-06-06T13:04:14+00:00","description":"Au rythme de la for\u00eat, le projet Trees For Future a une vision \u00e0 long terme. D\u00e9couvrez les r\u00e9sultats observ\u00e9s sur nos parcelles belges.","breadcrumb":{"@id":"https:\/\/www.treesforfuture.be\/nl\/het-project\/resultaten\/#breadcrumb"},"inLanguage":"nl-NL","potentialAction":[{"@type":"ReadAction","target":["https:\/\/www.treesforfuture.be\/nl\/het-project\/resultaten\/"]}]},{"@type":"BreadcrumbList","@id":"https:\/\/www.treesforfuture.be\/nl\/het-project\/resultaten\/#breadcrumb","itemListElement":[{"@type":"ListItem","position":1,"name":"Accueil","item":"https:\/\/www.treesforfuture.be\/nl\/"},{"@type":"ListItem","position":2,"name":"Het project","item":"https:\/\/www.treesforfuture.be\/nl\/het-project\/"},{"@type":"ListItem","position":3,"name":"Resultaten"}]},{"@type":"WebSite","@id":"https:\/\/www.treesforfuture.be\/#website","url":"https:\/\/www.treesforfuture.be\/","name":"TREES FOR FUTURE","description":"","potentialAction":[{"@type":"SearchAction","target":{"@type":"EntryPoint","urlTemplate":"https:\/\/www.treesforfuture.be\/?s={search_term_string}"},"query-input":{"@type":"PropertyValueSpecification","valueRequired":true,"valueName":"search_term_string"}}],"inLanguage":"nl-NL"}]}},"_links":{"self":[{"href":"https:\/\/www.treesforfuture.be\/nl\/wp-json\/wp\/v2\/pages\/1010","targetHints":{"allow":["GET"]}}],"collection":[{"href":"https:\/\/www.treesforfuture.be\/nl\/wp-json\/wp\/v2\/pages"}],"about":[{"href":"https:\/\/www.treesforfuture.be\/nl\/wp-json\/wp\/v2\/types\/page"}],"author":[{"embeddable":true,"href":"https:\/\/www.treesforfuture.be\/nl\/wp-json\/wp\/v2\/users\/1"}],"replies":[{"embeddable":true,"href":"https:\/\/www.treesforfuture.be\/nl\/wp-json\/wp\/v2\/comments?post=1010"}],"version-history":[{"count":0,"href":"https:\/\/www.treesforfuture.be\/nl\/wp-json\/wp\/v2\/pages\/1010\/revisions"}],"up":[{"embeddable":true,"href":"https:\/\/www.treesforfuture.be\/nl\/wp-json\/wp\/v2\/pages\/999"}],"wp:attachment":[{"href":"https:\/\/www.treesforfuture.be\/nl\/wp-json\/wp\/v2\/media?parent=1010"}],"curies":[{"name":"wp","href":"https:\/\/api.w.org\/{rel}","templated":true}]}}