{"id":1018,"date":"2021-05-10T10:30:08","date_gmt":"2021-05-10T08:30:08","guid":{"rendered":"https:\/\/www.treesforfuture.be\/het-project\/nos-partenaires\/"},"modified":"2025-07-17T11:47:43","modified_gmt":"2025-07-17T09:47:43","slug":"onze-partners","status":"publish","type":"page","link":"https:\/\/www.treesforfuture.be\/nl\/het-project\/onze-partners\/","title":{"rendered":"Onze partners"},"content":{"rendered":"<div class=\"wpb-content-wrapper\"><p>[vc_row content_placement=&#8221;middle&#8221; bg_type=&#8221;image&#8221; parallax_style=&#8221;vcpb-vz-jquery&#8221; bg_image_new=&#8221;id^960|url^https:\/\/www.treesforfuture.be\/wp-content\/uploads\/2021\/08\/BANDEAU_nos_partenaire.jpg|caption^null|alt^null|title^BANDEAU_nos_partenaire|description^null&#8221; bg_image_repeat=&#8221;no-repeat&#8221; parallax_sense=&#8221;20&#8243; bg_override=&#8221;ex-full&#8221; enable_overlay=&#8221;enable_overlay_value&#8221; overlay_color=&#8221;rgba(0,103,56,0.3)&#8221; el_class=&#8221;custom-main&#8221;][vc_column]<div class=\"ult-spacer spacer-69e0700ba8933\" data-id=\"69e0700ba8933\" data-height=\"70\" data-height-mobile=\"0\" data-height-tab=\"70\" data-height-tab-portrait=\"0\" data-height-mobile-landscape=\"0\" style=\"clear:both;display:block;\"><\/div>[vc_row_inner css=&#8221;.vc_custom_1620736001209{padding-top: 80px !important;padding-bottom: 80px !important;}&#8221;][vc_column_inner offset=&#8221;vc_col-lg-offset-3 vc_col-lg-6 vc_col-md-offset-2 vc_col-md-8&#8243;][vc_column_text css_animation=&#8221;none&#8221; el_class=&#8221;custom-white&#8221;]<\/p>\n<h1 style=\"text-align: center;\">Onze partners<\/h1>\n<p>[\/vc_column_text][\/vc_column_inner][\/vc_row_inner]<div class=\"ult-spacer spacer-69e0700ba8978\" data-id=\"69e0700ba8978\" data-height=\"200\" data-height-mobile=\"0\" data-height-tab=\"200\" data-height-tab-portrait=\"0\" data-height-mobile-landscape=\"0\" style=\"clear:both;display:block;\"><\/div>[vc_raw_html css=&#8221;.vc_custom_1620654997937{margin-bottom: 0px !important;}&#8221;]JTNDZGl2JTIwY2xhc3MlM0QlMjJjdXN0b20tc2hhcGUtZGl2aWRlci1ib3R0b20lMjBjdXN0b20tc2hhcGUtd2F2ZXMlMjIlM0UlMEElMjAlMjAlMjAlMjAlM0NzdmclMjB4bWxucyUzRCUyMmh0dHAlM0ElMkYlMkZ3d3cudzMub3JnJTJGMjAwMCUyRnN2ZyUyMiUyMHZpZXdCb3glM0QlMjIwJTIwMCUyMDEyMDAlMjAxMzAlMjIlM0UlM0NwYXRoJTIwc3R5bGUlM0QlMjJmaWxsJTNBJTIzZmZmJTNCJTIyJTIwZCUzRCUyMk0wJTJDMzcuODZzMjQyLjE2JTJDODYuNjYlMkM1MjEuMjUlMkM1LjJDODI0LjUzLTQ1LjQ1JTJDMTA0Ni40NSUyQzMyJTJDMTIwMCUyQzkwLjN2NDMuNzdIMFolMjIlMkYlM0UlM0MlMkZzdmclM0UlMEElM0MlMkZkaXYlM0U=[\/vc_raw_html][\/vc_column][\/vc_row][vc_row equal_height=&#8221;yes&#8221; content_placement=&#8221;middle&#8221; seperator_enable=&#8221;seperator_enable_value&#8221; seperator_type=&#8221;xlarge_circle_seperator&#8221; seperator_position=&#8221;bottom_seperator&#8221; seperator_svg_height=&#8221;100&#8243; seperator_shape_background=&#8221;#e9f0eb&#8221; el_class=&#8221;custom-zindex&#8221;][vc_column][vc_row_inner gap=&#8221;20&#8243;][vc_column_inner width=&#8221;1\/3&#8243;][vc_column_text]<\/p>\n<h3>Wetenschappelijk comit\u00e9<\/h3>\n<p>Wij werken nauw samen met een wetenschappelijk comit\u00e9. Dit comit\u00e9 is nauwgezet en ervaren, en is <strong>verantwoordelijk voor de selectie van de te testen soorten<\/strong> en herkomsten. Samen hebben wij het <strong>installatieprotocol<\/strong> en het controleprotocol ontwikkeld en gevalideerd. Dit comit\u00e9 zal in de toekomst bijdragen aan de <strong>analyse van de verzamelde gegevens.<\/strong><\/p>\n<p>Het is samengesteld uit:<\/p>\n<ul>\n<li>verscheidene Belgische universiteiten (KULeuven, UCLouvain et ULi\u00e8ge),<\/li>\n<li>het D\u00e9partement d\u2019Etude du Milieu Naturel et Agricole (DEMNA &#8211; Departement Studie van het Natuurlijk en Landbouwmilieu) en zijn Vlaamse tegenhanger het Instituut voor Natuur en Bosonderzoek (INBO).<\/li>\n<li>het D\u00e9partement de la Nature et des For\u00eats (DNF &#8211; departement Natuur en Bossen), via de Comptoir Forestier (Waalse dienst voor het verzamelen en sorteren van boomzaden).<\/li>\n<\/ul>\n<p>[\/vc_column_text][\/vc_column_inner][vc_column_inner width=&#8221;1\/3&#8243;][vc_column_text]<\/p>\n<h3>Boomkwekers<\/h3>\n<p>De planten worden geproduceerd uit zaden die zijn aangekocht in de landen van oorsprong waar de door ons geselecteerde bomen groeien. Dankzij het partnerschap met Belgische en Franse kwekers kunnen wij rekenen op de knowhow van deze kwekers om deze zaden te verzorgen en <strong>ons planten van hoge kwaliteit te bezorgen die klaar zijn om te worden geplant.<\/strong>[\/vc_column_text][vc_column_text]<\/p>\n<h3>Vrijwilligers<\/h3>\n<p>Voor de wetenschappelijke follow-up van de aanplantingen moeten in het voorjaar en het najaar talrijke <b>metingen en waarnemingen<\/b> op het terrein worden verricht. Dit betekent een werkvolume dat het team onmogelijk alleen aankan. Daarom hebben wij een team van vrijwillige bosbouwers aangeworven die speciaal zijn opgeleid om ter plaatse informatie te verzamelen met strikte inachtneming van het wetenschappelijk protocol.<\/p>\n<p>[\/vc_column_text][\/vc_column_inner][vc_column_inner width=&#8221;1\/3&#8243;][vc_column_text]<\/p>\n<h3>De boseigenaren<\/h3>\n<p>Veel vrijgevige boseigenaren (priv\u00e9 en publiek) stellen ons bospercelen ter beschikking en zorgen voor het onderhoud ervan om soorten en herkomsten te vinden die bestand zijn tegen de klimaatverandering.<\/p>\n<p>[\/vc_column_text][vc_column_text css=&#8221;&#8221;]<\/p>\n<h3>Sponsors<\/h3>\n<p>Het project draait voornamelijk op particuliere middelen. Het bestaat alleen dankzij de vrijgevigheid van burgers die gevoelig zijn voor de bosbouwproblematiek (met de mogelijkheid om een fiscaal aftrekbare gift aan het project te doen) en <a href=\"https:\/\/www.treesforfuture.be\/nl\/sponsoring\/onze-sponsors\/\">van ge\u00ebngageerde bedrijven<\/a>.[\/vc_column_text]<style type=\"text\/css\" data-type=\"the7_shortcodes-inline-css\">#default-btn-25bde257c4a159ad27015e5cd7ecfc9b.ico-right-side > i {\n  margin-right: 0px;\n  margin-left: 8px;\n}\n#default-btn-25bde257c4a159ad27015e5cd7ecfc9b > i {\n  margin-right: 8px;\n}<\/style><a href=\"https:\/\/www.treesforfuture.be\/nl\/sponsoring\/hoe-sponsor-worden\/\" class=\"default-btn-shortcode dt-btn dt-btn-m link-hover-off btn-inline-left \" id=\"default-btn-25bde257c4a159ad27015e5cd7ecfc9b\" title=\"Hoe sponsor worden?\"><span>Hoe kan ik sponsor worden?<\/span><\/a>[\/vc_column_inner][\/vc_row_inner][\/vc_column][vc_column width=&#8221;3\/5&#8243;][vc_column_text el_class=&#8221;custom-max&#8221;]<\/p>\n<h2>Dank aan al onze partners die dit project mogelijk maken!<\/h2>\n<p>[\/vc_column_text][\/vc_column][vc_column width=&#8221;2\/5&#8243;][vc_single_image image=&#8221;964&#8243; img_size=&#8221;600&#215;600&#8243; alignment=&#8221;right&#8221; css_animation=&#8221;fadeIn&#8221; css=&#8221;.vc_custom_1629454827532{margin-right: -100px !important;margin-bottom: 0px !important;}&#8221; el_class=&#8221;custom-img-radius-l&#8221;][\/vc_column][\/vc_row][vc_row bg_type=&#8221;image&#8221; parallax_style=&#8221;vcpb-vz-jquery&#8221; bg_image_new=&#8221;id^387|url^https:\/\/www.treesforfuture.be\/wp-content\/uploads\/2021\/05\/IMG_20200531_143425.jpg|caption^null|alt^null|title^IMG_20200531_143425|description^null&#8221; bg_image_repeat=&#8221;no-repeat&#8221; parallax_sense=&#8221;20&#8243; bg_override=&#8221;full&#8221; enable_overlay=&#8221;enable_overlay_value&#8221; overlay_color=&#8221;rgba(0,103,56,0.2)&#8221; el_id=&#8221;don&#8221;][vc_column][vc_row_inner css=&#8221;.vc_custom_1624948679932{padding-top: 50px !important;padding-bottom: 80px !important;}&#8221;][vc_column_inner offset=&#8221;vc_col-lg-offset-3 vc_col-lg-6&#8243; css=&#8221;.vc_custom_1622796481860{padding-top: 20px !important;padding-right: 20px !important;padding-bottom: 20px !important;padding-left: 20px !important;background-color: #f58a22 !important;border-radius: 10px !important;}&#8221;][vc_widget_sidebar show_bg=&#8221;false&#8221; sidebar_id=&#8221;sidebar_3&#8243;][\/vc_column_inner][\/vc_row_inner][\/vc_column][\/vc_row][vc_row css=&#8221;.vc_custom_1625124272900{padding-top: 30px !important;}&#8221;][vc_column][vc_widget_sidebar show_bg=&#8221;false&#8221; sidebar_id=&#8221;sidebar_5&#8243;][\/vc_column][\/vc_row]<\/p>\n<\/div>","protected":false},"excerpt":{"rendered":"<p>[vc_row content_placement=&#8221;middle&#8221; bg_type=&#8221;image&#8221; parallax_style=&#8221;vcpb-vz-jquery&#8221; bg_image_new=&#8221;id^960|url^https:\/\/www.treesforfuture.be\/wp-content\/uploads\/2021\/08\/BANDEAU_nos_partenaire.jpg|caption^null|alt^null|title^BANDEAU_nos_partenaire|description^null&#8221; bg_image_repeat=&#8221;no-repeat&#8221; parallax_sense=&#8221;20&#8243; bg_override=&#8221;ex-full&#8221; enable_overlay=&#8221;enable_overlay_value&#8221; overlay_color=&#8221;rgba(0,103,56,0.3)&#8221; el_class=&#8221;custom-main&#8221;][vc_column][vc_row_inner css=&#8221;.vc_custom_1620736001209{padding-top: 80px !important;padding-bottom: 80px !important;}&#8221;][vc_column_inner offset=&#8221;vc_col-lg-offset-3 vc_col-lg-6 vc_col-md-offset-2 vc_col-md-8&#8243;][vc_column_text css_animation=&#8221;none&#8221; el_class=&#8221;custom-white&#8221;] Onze partners [\/vc_column_text][\/vc_column_inner][\/vc_row_inner][vc_raw_html css=&#8221;.vc_custom_1620654997937{margin-bottom: 0px !important;}&#8221;]JTNDZGl2JTIwY2xhc3MlM0QlMjJjdXN0b20tc2hhcGUtZGl2aWRlci1ib3R0b20lMjBjdXN0b20tc2hhcGUtd2F2ZXMlMjIlM0UlMEElMjAlMjAlMjAlMjAlM0NzdmclMjB4bWxucyUzRCUyMmh0dHAlM0ElMkYlMkZ3d3cudzMub3JnJTJGMjAwMCUyRnN2ZyUyMiUyMHZpZXdCb3glM0QlMjIwJTIwMCUyMDEyMDAlMjAxMzAlMjIlM0UlM0NwYXRoJTIwc3R5bGUlM0QlMjJmaWxsJTNBJTIzZmZmJTNCJTIyJTIwZCUzRCUyMk0wJTJDMzcuODZzMjQyLjE2JTJDODYuNjYlMkM1MjEuMjUlMkM1LjJDODI0LjUzLTQ1LjQ1JTJDMTA0Ni40NSUyQzMyJTJDMTIwMCUyQzkwLjN2NDMuNzdIMFolMjIlMkYlM0UlM0MlMkZzdmclM0UlMEElM0MlMkZkaXYlM0U=[\/vc_raw_html][\/vc_column][\/vc_row][vc_row equal_height=&#8221;yes&#8221; content_placement=&#8221;middle&#8221; seperator_enable=&#8221;seperator_enable_value&#8221; seperator_type=&#8221;xlarge_circle_seperator&#8221; seperator_position=&#8221;bottom_seperator&#8221; seperator_svg_height=&#8221;100&#8243; seperator_shape_background=&#8221;#e9f0eb&#8221; el_class=&#8221;custom-zindex&#8221;][vc_column][vc_row_inner gap=&#8221;20&#8243;][vc_column_inner width=&#8221;1\/3&#8243;][vc_column_text] Wetenschappelijk comit\u00e9 Wij werken nauw samen met een wetenschappelijk comit\u00e9. Dit comit\u00e9 is nauwgezet en ervaren, en&hellip;<\/p>\n","protected":false},"author":1,"featured_media":0,"parent":999,"menu_order":6,"comment_status":"closed","ping_status":"closed","template":"","meta":{"footnotes":""},"class_list":["post-1018","page","type-page","status-publish","hentry","description-off"],"yoast_head":"<!-- This site is optimized with the Yoast SEO plugin v27.4 - https:\/\/yoast.com\/product\/yoast-seo-wordpress\/ -->\n<title>Onze partners - TREES FOR FUTURE<\/title>\n<meta name=\"robots\" content=\"index, follow, max-snippet:-1, max-image-preview:large, max-video-preview:-1\" \/>\n<link rel=\"canonical\" href=\"https:\/\/www.treesforfuture.be\/nl\/het-project\/onze-partners\/\" \/>\n<meta property=\"og:locale\" content=\"nl_NL\" \/>\n<meta property=\"og:type\" content=\"article\" \/>\n<meta property=\"og:title\" content=\"Onze partners - TREES FOR FUTURE\" \/>\n<meta property=\"og:description\" content=\"[vc_row content_placement=&#8221;middle&#8221; bg_type=&#8221;image&#8221; parallax_style=&#8221;vcpb-vz-jquery&#8221; bg_image_new=&#8221;id^960|url^https:\/\/www.treesforfuture.be\/wp-content\/uploads\/2021\/08\/BANDEAU_nos_partenaire.jpg|caption^null|alt^null|title^BANDEAU_nos_partenaire|description^null&#8221; bg_image_repeat=&#8221;no-repeat&#8221; parallax_sense=&#8221;20&#8243; bg_override=&#8221;ex-full&#8221; enable_overlay=&#8221;enable_overlay_value&#8221; overlay_color=&#8221;rgba(0,103,56,0.3)&#8221; el_class=&#8221;custom-main&#8221;][vc_column][vc_row_inner css=&#8221;.vc_custom_1620736001209{padding-top: 80px !important;padding-bottom: 80px !important;}&#8221;][vc_column_inner offset=&#8221;vc_col-lg-offset-3 vc_col-lg-6 vc_col-md-offset-2 vc_col-md-8&#8243;][vc_column_text css_animation=&#8221;none&#8221; el_class=&#8221;custom-white&#8221;] Onze partners [\/vc_column_text][\/vc_column_inner][\/vc_row_inner][vc_raw_html css=&#8221;.vc_custom_1620654997937{margin-bottom: 0px !important;}&#8221;]JTNDZGl2JTIwY2xhc3MlM0QlMjJjdXN0b20tc2hhcGUtZGl2aWRlci1ib3R0b20lMjBjdXN0b20tc2hhcGUtd2F2ZXMlMjIlM0UlMEElMjAlMjAlMjAlMjAlM0NzdmclMjB4bWxucyUzRCUyMmh0dHAlM0ElMkYlMkZ3d3cudzMub3JnJTJGMjAwMCUyRnN2ZyUyMiUyMHZpZXdCb3glM0QlMjIwJTIwMCUyMDEyMDAlMjAxMzAlMjIlM0UlM0NwYXRoJTIwc3R5bGUlM0QlMjJmaWxsJTNBJTIzZmZmJTNCJTIyJTIwZCUzRCUyMk0wJTJDMzcuODZzMjQyLjE2JTJDODYuNjYlMkM1MjEuMjUlMkM1LjJDODI0LjUzLTQ1LjQ1JTJDMTA0Ni40NSUyQzMyJTJDMTIwMCUyQzkwLjN2NDMuNzdIMFolMjIlMkYlM0UlM0MlMkZzdmclM0UlMEElM0MlMkZkaXYlM0U=[\/vc_raw_html][\/vc_column][\/vc_row][vc_row equal_height=&#8221;yes&#8221; content_placement=&#8221;middle&#8221; seperator_enable=&#8221;seperator_enable_value&#8221; seperator_type=&#8221;xlarge_circle_seperator&#8221; seperator_position=&#8221;bottom_seperator&#8221; seperator_svg_height=&#8221;100&#8243; seperator_shape_background=&#8221;#e9f0eb&#8221; el_class=&#8221;custom-zindex&#8221;][vc_column][vc_row_inner gap=&#8221;20&#8243;][vc_column_inner width=&#8221;1\/3&#8243;][vc_column_text] Wetenschappelijk comit\u00e9 Wij werken nauw samen met een wetenschappelijk comit\u00e9. Dit comit\u00e9 is nauwgezet en ervaren, en&hellip;\" \/>\n<meta property=\"og:url\" content=\"https:\/\/www.treesforfuture.be\/nl\/het-project\/onze-partners\/\" \/>\n<meta property=\"og:site_name\" content=\"TREES FOR FUTURE\" \/>\n<meta property=\"article:modified_time\" content=\"2025-07-17T09:47:43+00:00\" \/>\n<meta name=\"twitter:card\" content=\"summary_large_image\" \/>\n<meta name=\"twitter:label1\" content=\"Geschatte leestijd\" \/>\n\t<meta name=\"twitter:data1\" content=\"3 minuten\" \/>\n<script type=\"application\/ld+json\" class=\"yoast-schema-graph\">{\"@context\":\"https:\\\/\\\/schema.org\",\"@graph\":[{\"@type\":\"WebPage\",\"@id\":\"https:\\\/\\\/www.treesforfuture.be\\\/nl\\\/het-project\\\/onze-partners\\\/\",\"url\":\"https:\\\/\\\/www.treesforfuture.be\\\/nl\\\/het-project\\\/onze-partners\\\/\",\"name\":\"Onze partners - TREES FOR FUTURE\",\"isPartOf\":{\"@id\":\"https:\\\/\\\/www.treesforfuture.be\\\/#website\"},\"datePublished\":\"2021-05-10T08:30:08+00:00\",\"dateModified\":\"2025-07-17T09:47:43+00:00\",\"breadcrumb\":{\"@id\":\"https:\\\/\\\/www.treesforfuture.be\\\/nl\\\/het-project\\\/onze-partners\\\/#breadcrumb\"},\"inLanguage\":\"nl-NL\",\"potentialAction\":[{\"@type\":\"ReadAction\",\"target\":[\"https:\\\/\\\/www.treesforfuture.be\\\/nl\\\/het-project\\\/onze-partners\\\/\"]}]},{\"@type\":\"BreadcrumbList\",\"@id\":\"https:\\\/\\\/www.treesforfuture.be\\\/nl\\\/het-project\\\/onze-partners\\\/#breadcrumb\",\"itemListElement\":[{\"@type\":\"ListItem\",\"position\":1,\"name\":\"Accueil\",\"item\":\"https:\\\/\\\/www.treesforfuture.be\\\/nl\\\/\"},{\"@type\":\"ListItem\",\"position\":2,\"name\":\"Het project\",\"item\":\"https:\\\/\\\/www.treesforfuture.be\\\/nl\\\/het-project\\\/\"},{\"@type\":\"ListItem\",\"position\":3,\"name\":\"Onze partners\"}]},{\"@type\":\"WebSite\",\"@id\":\"https:\\\/\\\/www.treesforfuture.be\\\/#website\",\"url\":\"https:\\\/\\\/www.treesforfuture.be\\\/\",\"name\":\"TREES FOR FUTURE\",\"description\":\"\",\"potentialAction\":[{\"@type\":\"SearchAction\",\"target\":{\"@type\":\"EntryPoint\",\"urlTemplate\":\"https:\\\/\\\/www.treesforfuture.be\\\/?s={search_term_string}\"},\"query-input\":{\"@type\":\"PropertyValueSpecification\",\"valueRequired\":true,\"valueName\":\"search_term_string\"}}],\"inLanguage\":\"nl-NL\"}]}<\/script>\n<!-- \/ Yoast SEO plugin. -->","yoast_head_json":{"title":"Onze partners - TREES FOR FUTURE","robots":{"index":"index","follow":"follow","max-snippet":"max-snippet:-1","max-image-preview":"max-image-preview:large","max-video-preview":"max-video-preview:-1"},"canonical":"https:\/\/www.treesforfuture.be\/nl\/het-project\/onze-partners\/","og_locale":"nl_NL","og_type":"article","og_title":"Onze partners - TREES FOR FUTURE","og_description":"[vc_row content_placement=&#8221;middle&#8221; bg_type=&#8221;image&#8221; parallax_style=&#8221;vcpb-vz-jquery&#8221; bg_image_new=&#8221;id^960|url^https:\/\/www.treesforfuture.be\/wp-content\/uploads\/2021\/08\/BANDEAU_nos_partenaire.jpg|caption^null|alt^null|title^BANDEAU_nos_partenaire|description^null&#8221; bg_image_repeat=&#8221;no-repeat&#8221; parallax_sense=&#8221;20&#8243; bg_override=&#8221;ex-full&#8221; enable_overlay=&#8221;enable_overlay_value&#8221; overlay_color=&#8221;rgba(0,103,56,0.3)&#8221; el_class=&#8221;custom-main&#8221;][vc_column][vc_row_inner css=&#8221;.vc_custom_1620736001209{padding-top: 80px !important;padding-bottom: 80px !important;}&#8221;][vc_column_inner offset=&#8221;vc_col-lg-offset-3 vc_col-lg-6 vc_col-md-offset-2 vc_col-md-8&#8243;][vc_column_text css_animation=&#8221;none&#8221; el_class=&#8221;custom-white&#8221;] Onze partners [\/vc_column_text][\/vc_column_inner][\/vc_row_inner][vc_raw_html css=&#8221;.vc_custom_1620654997937{margin-bottom: 0px !important;}&#8221;]JTNDZGl2JTIwY2xhc3MlM0QlMjJjdXN0b20tc2hhcGUtZGl2aWRlci1ib3R0b20lMjBjdXN0b20tc2hhcGUtd2F2ZXMlMjIlM0UlMEElMjAlMjAlMjAlMjAlM0NzdmclMjB4bWxucyUzRCUyMmh0dHAlM0ElMkYlMkZ3d3cudzMub3JnJTJGMjAwMCUyRnN2ZyUyMiUyMHZpZXdCb3glM0QlMjIwJTIwMCUyMDEyMDAlMjAxMzAlMjIlM0UlM0NwYXRoJTIwc3R5bGUlM0QlMjJmaWxsJTNBJTIzZmZmJTNCJTIyJTIwZCUzRCUyMk0wJTJDMzcuODZzMjQyLjE2JTJDODYuNjYlMkM1MjEuMjUlMkM1LjJDODI0LjUzLTQ1LjQ1JTJDMTA0Ni40NSUyQzMyJTJDMTIwMCUyQzkwLjN2NDMuNzdIMFolMjIlMkYlM0UlM0MlMkZzdmclM0UlMEElM0MlMkZkaXYlM0U=[\/vc_raw_html][\/vc_column][\/vc_row][vc_row equal_height=&#8221;yes&#8221; content_placement=&#8221;middle&#8221; seperator_enable=&#8221;seperator_enable_value&#8221; seperator_type=&#8221;xlarge_circle_seperator&#8221; seperator_position=&#8221;bottom_seperator&#8221; seperator_svg_height=&#8221;100&#8243; seperator_shape_background=&#8221;#e9f0eb&#8221; el_class=&#8221;custom-zindex&#8221;][vc_column][vc_row_inner gap=&#8221;20&#8243;][vc_column_inner width=&#8221;1\/3&#8243;][vc_column_text] Wetenschappelijk comit\u00e9 Wij werken nauw samen met een wetenschappelijk comit\u00e9. Dit comit\u00e9 is nauwgezet en ervaren, en&hellip;","og_url":"https:\/\/www.treesforfuture.be\/nl\/het-project\/onze-partners\/","og_site_name":"TREES FOR FUTURE","article_modified_time":"2025-07-17T09:47:43+00:00","twitter_card":"summary_large_image","twitter_misc":{"Geschatte leestijd":"3 minuten"},"schema":{"@context":"https:\/\/schema.org","@graph":[{"@type":"WebPage","@id":"https:\/\/www.treesforfuture.be\/nl\/het-project\/onze-partners\/","url":"https:\/\/www.treesforfuture.be\/nl\/het-project\/onze-partners\/","name":"Onze partners - TREES FOR FUTURE","isPartOf":{"@id":"https:\/\/www.treesforfuture.be\/#website"},"datePublished":"2021-05-10T08:30:08+00:00","dateModified":"2025-07-17T09:47:43+00:00","breadcrumb":{"@id":"https:\/\/www.treesforfuture.be\/nl\/het-project\/onze-partners\/#breadcrumb"},"inLanguage":"nl-NL","potentialAction":[{"@type":"ReadAction","target":["https:\/\/www.treesforfuture.be\/nl\/het-project\/onze-partners\/"]}]},{"@type":"BreadcrumbList","@id":"https:\/\/www.treesforfuture.be\/nl\/het-project\/onze-partners\/#breadcrumb","itemListElement":[{"@type":"ListItem","position":1,"name":"Accueil","item":"https:\/\/www.treesforfuture.be\/nl\/"},{"@type":"ListItem","position":2,"name":"Het project","item":"https:\/\/www.treesforfuture.be\/nl\/het-project\/"},{"@type":"ListItem","position":3,"name":"Onze partners"}]},{"@type":"WebSite","@id":"https:\/\/www.treesforfuture.be\/#website","url":"https:\/\/www.treesforfuture.be\/","name":"TREES FOR FUTURE","description":"","potentialAction":[{"@type":"SearchAction","target":{"@type":"EntryPoint","urlTemplate":"https:\/\/www.treesforfuture.be\/?s={search_term_string}"},"query-input":{"@type":"PropertyValueSpecification","valueRequired":true,"valueName":"search_term_string"}}],"inLanguage":"nl-NL"}]}},"_links":{"self":[{"href":"https:\/\/www.treesforfuture.be\/nl\/wp-json\/wp\/v2\/pages\/1018","targetHints":{"allow":["GET"]}}],"collection":[{"href":"https:\/\/www.treesforfuture.be\/nl\/wp-json\/wp\/v2\/pages"}],"about":[{"href":"https:\/\/www.treesforfuture.be\/nl\/wp-json\/wp\/v2\/types\/page"}],"author":[{"embeddable":true,"href":"https:\/\/www.treesforfuture.be\/nl\/wp-json\/wp\/v2\/users\/1"}],"replies":[{"embeddable":true,"href":"https:\/\/www.treesforfuture.be\/nl\/wp-json\/wp\/v2\/comments?post=1018"}],"version-history":[{"count":0,"href":"https:\/\/www.treesforfuture.be\/nl\/wp-json\/wp\/v2\/pages\/1018\/revisions"}],"up":[{"embeddable":true,"href":"https:\/\/www.treesforfuture.be\/nl\/wp-json\/wp\/v2\/pages\/999"}],"wp:attachment":[{"href":"https:\/\/www.treesforfuture.be\/nl\/wp-json\/wp\/v2\/media?parent=1018"}],"curies":[{"name":"wp","href":"https:\/\/api.w.org\/{rel}","templated":true}]}}