{"id":1024,"date":"2021-05-10T10:27:20","date_gmt":"2021-05-10T08:27:20","guid":{"rendered":"https:\/\/www.treesforfuture.be\/mecenat\/"},"modified":"2021-09-13T16:34:06","modified_gmt":"2021-09-13T14:34:06","slug":"sponsoring","status":"publish","type":"page","link":"https:\/\/www.treesforfuture.be\/nl\/sponsoring\/","title":{"rendered":"Sponsoring"},"content":{"rendered":"<div class=\"wpb-content-wrapper\"><p>[vc_row content_placement=&#8221;middle&#8221; bg_type=&#8221;image&#8221; parallax_style=&#8221;vcpb-vz-jquery&#8221; bg_image_new=&#8221;id^744|url^https:\/\/www.treesforfuture.be\/wp-content\/uploads\/2021\/07\/devenir-mecene-1.jpg|caption^null|alt^null|title^devenir-mecene-1|description^null&#8221; bg_image_repeat=&#8221;no-repeat&#8221; parallax_sense=&#8221;20&#8243; bg_override=&#8221;ex-full&#8221; enable_overlay=&#8221;enable_overlay_value&#8221; overlay_color=&#8221;rgba(0,103,56,0.15)&#8221; el_class=&#8221;custom-main&#8221;][vc_column]<div class=\"ult-spacer spacer-69d5f12d65148\" data-id=\"69d5f12d65148\" data-height=\"70\" data-height-mobile=\"0\" data-height-tab=\"70\" data-height-tab-portrait=\"0\" data-height-mobile-landscape=\"0\" style=\"clear:both;display:block;\"><\/div>[vc_row_inner css=&#8221;.vc_custom_1620736001209{padding-top: 80px !important;padding-bottom: 80px !important;}&#8221;][vc_column_inner offset=&#8221;vc_col-lg-offset-2 vc_col-lg-8 vc_col-md-offset-2 vc_col-md-8&#8243;][vc_column_text css_animation=&#8221;none&#8221; el_class=&#8221;custom-white&#8221;]<\/p>\n<h1 style=\"text-align: center;\">Sponsoring<\/h1>\n<p>[\/vc_column_text][\/vc_column_inner][\/vc_row_inner]<div class=\"ult-spacer spacer-69d5f12d6519a\" data-id=\"69d5f12d6519a\" data-height=\"200\" data-height-mobile=\"0\" data-height-tab=\"200\" data-height-tab-portrait=\"0\" data-height-mobile-landscape=\"0\" style=\"clear:both;display:block;\"><\/div>[vc_raw_html css=&#8221;.vc_custom_1620654997937{margin-bottom: 0px !important;}&#8221;]JTNDZGl2JTIwY2xhc3MlM0QlMjJjdXN0b20tc2hhcGUtZGl2aWRlci1ib3R0b20lMjBjdXN0b20tc2hhcGUtd2F2ZXMlMjIlM0UlMEElMjAlMjAlMjAlMjAlM0NzdmclMjB4bWxucyUzRCUyMmh0dHAlM0ElMkYlMkZ3d3cudzMub3JnJTJGMjAwMCUyRnN2ZyUyMiUyMHZpZXdCb3glM0QlMjIwJTIwMCUyMDEyMDAlMjAxMzAlMjIlM0UlM0NwYXRoJTIwc3R5bGUlM0QlMjJmaWxsJTNBJTIzZmZmJTNCJTIyJTIwZCUzRCUyMk0wJTJDMzcuODZzMjQyLjE2JTJDODYuNjYlMkM1MjEuMjUlMkM1LjJDODI0LjUzLTQ1LjQ1JTJDMTA0Ni40NSUyQzMyJTJDMTIwMCUyQzkwLjN2NDMuNzdIMFolMjIlMkYlM0UlM0MlMkZzdmclM0UlMEElM0MlMkZkaXYlM0U=[\/vc_raw_html][\/vc_column][\/vc_row][vc_row equal_height=&#8221;yes&#8221; content_placement=&#8221;middle&#8221; seperator_enable=&#8221;seperator_enable_value&#8221; seperator_type=&#8221;xlarge_circle_seperator&#8221; seperator_position=&#8221;bottom_seperator&#8221; seperator_svg_height=&#8221;100&#8243; seperator_shape_background=&#8221;#e9f0eb&#8221; el_class=&#8221;custom-zindex&#8221;][vc_column width=&#8221;2\/3&#8243; css=&#8221;.vc_custom_1627548863449{padding-top: 0px !important;}&#8221;]<div class=\"ult-spacer spacer-69d5f12d651cd\" data-id=\"69d5f12d651cd\" data-height=\"0\" data-height-mobile=\"80\" data-height-tab=\"0\" data-height-tab-portrait=\"100\" data-height-mobile-landscape=\"80\" style=\"clear:both;display:block;\"><\/div>[vc_column_text]<\/p>\n<h2>Steun vandaag het bos van morgen<\/h2>\n<p>Jouw giften hebben een impact op de toekomst van onze Belgische bossen.<\/p>\n<p>Het is met jou en dankzij jou dat we actie kunnen ondernemen.<\/p>\n<p>Help ons de soorten te identificeren die het bos van morgen zullen vormen![\/vc_column_text]<div class=\"ult-content-box-container \" >\t<a class=\"ult-content-box-anchor\" href=\"https:\/\/www.treesforfuture.be\/nl\/sponsoring\/waarom-sponsor-worden\/\" title=\"Waarom sponsor worden?\" >\t\t<div class=\"ult-content-box\" style=\"background-color:rgba(255,202,0,0.1);box-shadow: px px px px none;border-style:solid;border-width:0px;border-radius:10px;padding-top:20px;padding-right:20px;padding-left:20px;margin-bottom:20px;-webkit-transition: all 700ms ease;-moz-transition: all 700ms ease;-ms-transition: all 700ms ease;-o-transition: all 700ms ease;transition: all 700ms ease;\"  data-hover_bg_color=\"rgba(255,202,0,0.2)\"  data-hover_box_shadow=\"none\"    data-normal_margins=\"margin-bottom:20px;\"   data-bg=\"rgba(255,202,0,0.1)\"  data-border_color=\"\" ><div class=\"aio-icon-component  vc_custom_1631537745078   style_1\"><div id=\"Info-box-wrap-4423\" class=\"aio-icon-box left-icon\" style=\"\"  ><div class=\"aio-icon-left\"><div class=\"ult-just-icon-wrapper  \"><div class=\"align-icon\" style=\"text-align:center;\">\n<div class=\"aio-icon none \"  style=\"color:#ffca00;font-size:25px;display:inline-block;\">\n\t<i class=\"far fa-bookmark\"><\/i>\n<\/div><\/div><\/div><\/div><div class=\"aio-ibd-block\"><div class=\"aio-icon-header\" ><p class=\"aio-icon-title ult-responsive\"  data-ultimate-target='#Info-box-wrap-4423 .aio-icon-title'  data-responsive-json-new='{\"font-size\":\"desktop:20px;\",\"line-height\":\"desktop:30px;\"}'  style=\"color:#ffca00;\">Waarom sponsor worden?<\/p><\/div> <!-- header --><\/div> <!-- aio-ibd-block --><\/div> <!-- aio-icon-box --><\/div> <!-- aio-icon-component -->\t\t<\/div>\t<\/a><\/div><div class=\"ult-content-box-container \" >\t<a class=\"ult-content-box-anchor\" href=\"https:\/\/www.treesforfuture.be\/nl\/sponsoring\/hoe-sponsor-worden\/\" title=\"Hoe sponsor worden?\" >\t\t<div class=\"ult-content-box\" style=\"background-color:rgba(245,138,34,0.1);box-shadow: px px px px none;border-style:solid;border-width:0px;border-radius:10px;padding-top:20px;padding-right:20px;padding-left:20px;margin-bottom:20px;-webkit-transition: all 700ms ease;-moz-transition: all 700ms ease;-ms-transition: all 700ms ease;-o-transition: all 700ms ease;transition: all 700ms ease;\"  data-hover_bg_color=\"rgba(245,138,34,0.2)\"  data-hover_box_shadow=\"none\"    data-normal_margins=\"margin-bottom:20px;\"   data-bg=\"rgba(245,138,34,0.1)\"  data-border_color=\"\" ><div class=\"aio-icon-component  vc_custom_1631537763981   style_1\"><div id=\"Info-box-wrap-5288\" class=\"aio-icon-box left-icon\" style=\"\"  ><div class=\"aio-icon-left\"><div class=\"ult-just-icon-wrapper  \"><div class=\"align-icon\" style=\"text-align:center;\">\n<div class=\"aio-icon none \"  style=\"color:#f58a22;font-size:25px;display:inline-block;\">\n\t<i class=\"far fa-list-alt\"><\/i>\n<\/div><\/div><\/div><\/div><div class=\"aio-ibd-block\"><div class=\"aio-icon-header\" ><p class=\"aio-icon-title ult-responsive\"  data-ultimate-target='#Info-box-wrap-5288 .aio-icon-title'  data-responsive-json-new='{\"font-size\":\"desktop:20px;\",\"line-height\":\"desktop:30px;\"}'  style=\"color:#f58a22;\">Hoe sponsor worden?<\/p><\/div> <!-- header --><\/div> <!-- aio-ibd-block --><\/div> <!-- aio-icon-box --><\/div> <!-- aio-icon-component -->\t\t<\/div>\t<\/a><\/div><div class=\"ult-content-box-container \" >\t<a class=\"ult-content-box-anchor\" href=\"https:\/\/www.treesforfuture.be\/nl\/sponsoring\/onze-sponsors\/\" title=\"Onze sponsors\" >\t\t<div class=\"ult-content-box\" style=\"background-color:rgba(0,206,209,0.06);box-shadow: px px px px none;border-style:solid;border-width:0px;border-radius:10px;padding-top:20px;padding-right:20px;padding-left:20px;margin-bottom:20px;-webkit-transition: all 700ms ease;-moz-transition: all 700ms ease;-ms-transition: all 700ms ease;-o-transition: all 700ms ease;transition: all 700ms ease;\"  data-hover_bg_color=\"rgba(0,206,209,0.15)\"  data-hover_box_shadow=\"none\"    data-normal_margins=\"margin-bottom:20px;\"   data-bg=\"rgba(0,206,209,0.06)\"  data-border_color=\"\" ><div class=\"aio-icon-component  vc_custom_1631537781970   style_1\"><div id=\"Info-box-wrap-5473\" class=\"aio-icon-box left-icon\" style=\"\"  ><div class=\"aio-icon-left\"><div class=\"ult-just-icon-wrapper  \"><div class=\"align-icon\" style=\"text-align:center;\">\n<div class=\"aio-icon none \"  style=\"color:#00ced1;font-size:25px;display:inline-block;\">\n\t<i class=\"far fa-address-card\"><\/i>\n<\/div><\/div><\/div><\/div><div class=\"aio-ibd-block\"><div class=\"aio-icon-header\" ><p class=\"aio-icon-title ult-responsive\"  data-ultimate-target='#Info-box-wrap-5473 .aio-icon-title'  data-responsive-json-new='{\"font-size\":\"desktop:20px;\",\"line-height\":\"desktop:30px;\"}'  style=\"color:#00ced1;\">Onze sponsors<\/p><\/div> <!-- header --><\/div> <!-- aio-ibd-block --><\/div> <!-- aio-icon-box --><\/div> <!-- aio-icon-component -->\t\t<\/div>\t<\/a><\/div>[\/vc_column][vc_column width=&#8221;1\/2&#8243; css=&#8221;.vc_custom_1627548908629{padding-top: 0px !important;padding-right: 0px !important;padding-bottom: 0px !important;}&#8221; offset=&#8221;vc_col-lg-4&#8243;][vc_single_image image=&#8221;938&#8243; img_size=&#8221;700&#215;700&#8243; style=&#8221;vc_box_circle_2&#8243; css_animation=&#8221;fadeIn&#8221; css=&#8221;.vc_custom_1629385387430{margin-right: -35% !important;margin-bottom: 0px !important;}&#8221;][\/vc_column][\/vc_row]<\/p>\n<\/div>","protected":false},"excerpt":{"rendered":"<p>[vc_row content_placement=&#8221;middle&#8221; bg_type=&#8221;image&#8221; parallax_style=&#8221;vcpb-vz-jquery&#8221; bg_image_new=&#8221;id^744|url^https:\/\/www.treesforfuture.be\/wp-content\/uploads\/2021\/07\/devenir-mecene-1.jpg|caption^null|alt^null|title^devenir-mecene-1|description^null&#8221; bg_image_repeat=&#8221;no-repeat&#8221; parallax_sense=&#8221;20&#8243; bg_override=&#8221;ex-full&#8221; enable_overlay=&#8221;enable_overlay_value&#8221; overlay_color=&#8221;rgba(0,103,56,0.15)&#8221; el_class=&#8221;custom-main&#8221;][vc_column][vc_row_inner css=&#8221;.vc_custom_1620736001209{padding-top: 80px !important;padding-bottom: 80px !important;}&#8221;][vc_column_inner offset=&#8221;vc_col-lg-offset-2 vc_col-lg-8 vc_col-md-offset-2 vc_col-md-8&#8243;][vc_column_text css_animation=&#8221;none&#8221; el_class=&#8221;custom-white&#8221;] Sponsoring [\/vc_column_text][\/vc_column_inner][\/vc_row_inner][vc_raw_html css=&#8221;.vc_custom_1620654997937{margin-bottom: 0px !important;}&#8221;]JTNDZGl2JTIwY2xhc3MlM0QlMjJjdXN0b20tc2hhcGUtZGl2aWRlci1ib3R0b20lMjBjdXN0b20tc2hhcGUtd2F2ZXMlMjIlM0UlMEElMjAlMjAlMjAlMjAlM0NzdmclMjB4bWxucyUzRCUyMmh0dHAlM0ElMkYlMkZ3d3cudzMub3JnJTJGMjAwMCUyRnN2ZyUyMiUyMHZpZXdCb3glM0QlMjIwJTIwMCUyMDEyMDAlMjAxMzAlMjIlM0UlM0NwYXRoJTIwc3R5bGUlM0QlMjJmaWxsJTNBJTIzZmZmJTNCJTIyJTIwZCUzRCUyMk0wJTJDMzcuODZzMjQyLjE2JTJDODYuNjYlMkM1MjEuMjUlMkM1LjJDODI0LjUzLTQ1LjQ1JTJDMTA0Ni40NSUyQzMyJTJDMTIwMCUyQzkwLjN2NDMuNzdIMFolMjIlMkYlM0UlM0MlMkZzdmclM0UlMEElM0MlMkZkaXYlM0U=[\/vc_raw_html][\/vc_column][\/vc_row][vc_row equal_height=&#8221;yes&#8221; content_placement=&#8221;middle&#8221; seperator_enable=&#8221;seperator_enable_value&#8221; seperator_type=&#8221;xlarge_circle_seperator&#8221; seperator_position=&#8221;bottom_seperator&#8221; seperator_svg_height=&#8221;100&#8243; seperator_shape_background=&#8221;#e9f0eb&#8221; el_class=&#8221;custom-zindex&#8221;][vc_column width=&#8221;2\/3&#8243; css=&#8221;.vc_custom_1627548863449{padding-top: 0px !important;}&#8221;][vc_column_text] Steun vandaag het bos van morgen Jouw giften hebben een impact op de toekomst van onze&hellip;<\/p>\n","protected":false},"author":1,"featured_media":0,"parent":0,"menu_order":3,"comment_status":"closed","ping_status":"closed","template":"","meta":{"footnotes":""},"class_list":["post-1024","page","type-page","status-publish","hentry","description-off"],"yoast_head":"<!-- This site is optimized with the Yoast SEO plugin v27.3 - https:\/\/yoast.com\/product\/yoast-seo-wordpress\/ -->\n<title>Soutenir la for\u00eat de demain | Trees For Future<\/title>\n<meta name=\"description\" content=\"C\u2019est avec vous et gr\u00e2ce \u00e0 vous que nous pouvons agir. Faites un don \u00e0 la SRFB pour soutenir la for\u00eat de demain en Belgique.\" \/>\n<meta name=\"robots\" content=\"index, follow, max-snippet:-1, max-image-preview:large, max-video-preview:-1\" \/>\n<link rel=\"canonical\" href=\"https:\/\/www.treesforfuture.be\/nl\/sponsoring\/\" \/>\n<meta property=\"og:locale\" content=\"nl_NL\" \/>\n<meta property=\"og:type\" content=\"article\" \/>\n<meta property=\"og:title\" content=\"Soutenir la for\u00eat de demain | Trees For Future\" \/>\n<meta property=\"og:description\" content=\"C\u2019est avec vous et gr\u00e2ce \u00e0 vous que nous pouvons agir. Faites un don \u00e0 la SRFB pour soutenir la for\u00eat de demain en Belgique.\" \/>\n<meta property=\"og:url\" content=\"https:\/\/www.treesforfuture.be\/nl\/sponsoring\/\" \/>\n<meta property=\"og:site_name\" content=\"TREES FOR FUTURE\" \/>\n<meta property=\"article:modified_time\" content=\"2021-09-13T14:34:06+00:00\" \/>\n<meta name=\"twitter:card\" content=\"summary_large_image\" \/>\n<meta name=\"twitter:label1\" content=\"Geschatte leestijd\" \/>\n\t<meta name=\"twitter:data1\" content=\"1 minuut\" \/>\n<script type=\"application\/ld+json\" class=\"yoast-schema-graph\">{\"@context\":\"https:\\\/\\\/schema.org\",\"@graph\":[{\"@type\":\"WebPage\",\"@id\":\"https:\\\/\\\/www.treesforfuture.be\\\/nl\\\/sponsoring\\\/\",\"url\":\"https:\\\/\\\/www.treesforfuture.be\\\/nl\\\/sponsoring\\\/\",\"name\":\"Soutenir la for\u00eat de demain | Trees For Future\",\"isPartOf\":{\"@id\":\"https:\\\/\\\/www.treesforfuture.be\\\/#website\"},\"datePublished\":\"2021-05-10T08:27:20+00:00\",\"dateModified\":\"2021-09-13T14:34:06+00:00\",\"description\":\"C\u2019est avec vous et gr\u00e2ce \u00e0 vous que nous pouvons agir. Faites un don \u00e0 la SRFB pour soutenir la for\u00eat de demain en Belgique.\",\"breadcrumb\":{\"@id\":\"https:\\\/\\\/www.treesforfuture.be\\\/nl\\\/sponsoring\\\/#breadcrumb\"},\"inLanguage\":\"nl-NL\",\"potentialAction\":[{\"@type\":\"ReadAction\",\"target\":[\"https:\\\/\\\/www.treesforfuture.be\\\/nl\\\/sponsoring\\\/\"]}]},{\"@type\":\"BreadcrumbList\",\"@id\":\"https:\\\/\\\/www.treesforfuture.be\\\/nl\\\/sponsoring\\\/#breadcrumb\",\"itemListElement\":[{\"@type\":\"ListItem\",\"position\":1,\"name\":\"Accueil\",\"item\":\"https:\\\/\\\/www.treesforfuture.be\\\/nl\\\/\"},{\"@type\":\"ListItem\",\"position\":2,\"name\":\"Sponsoring\"}]},{\"@type\":\"WebSite\",\"@id\":\"https:\\\/\\\/www.treesforfuture.be\\\/#website\",\"url\":\"https:\\\/\\\/www.treesforfuture.be\\\/\",\"name\":\"TREES FOR FUTURE\",\"description\":\"\",\"potentialAction\":[{\"@type\":\"SearchAction\",\"target\":{\"@type\":\"EntryPoint\",\"urlTemplate\":\"https:\\\/\\\/www.treesforfuture.be\\\/?s={search_term_string}\"},\"query-input\":{\"@type\":\"PropertyValueSpecification\",\"valueRequired\":true,\"valueName\":\"search_term_string\"}}],\"inLanguage\":\"nl-NL\"}]}<\/script>\n<!-- \/ Yoast SEO plugin. -->","yoast_head_json":{"title":"Soutenir la for\u00eat de demain | Trees For Future","description":"C\u2019est avec vous et gr\u00e2ce \u00e0 vous que nous pouvons agir. Faites un don \u00e0 la SRFB pour soutenir la for\u00eat de demain en Belgique.","robots":{"index":"index","follow":"follow","max-snippet":"max-snippet:-1","max-image-preview":"max-image-preview:large","max-video-preview":"max-video-preview:-1"},"canonical":"https:\/\/www.treesforfuture.be\/nl\/sponsoring\/","og_locale":"nl_NL","og_type":"article","og_title":"Soutenir la for\u00eat de demain | Trees For Future","og_description":"C\u2019est avec vous et gr\u00e2ce \u00e0 vous que nous pouvons agir. Faites un don \u00e0 la SRFB pour soutenir la for\u00eat de demain en Belgique.","og_url":"https:\/\/www.treesforfuture.be\/nl\/sponsoring\/","og_site_name":"TREES FOR FUTURE","article_modified_time":"2021-09-13T14:34:06+00:00","twitter_card":"summary_large_image","twitter_misc":{"Geschatte leestijd":"1 minuut"},"schema":{"@context":"https:\/\/schema.org","@graph":[{"@type":"WebPage","@id":"https:\/\/www.treesforfuture.be\/nl\/sponsoring\/","url":"https:\/\/www.treesforfuture.be\/nl\/sponsoring\/","name":"Soutenir la for\u00eat de demain | Trees For Future","isPartOf":{"@id":"https:\/\/www.treesforfuture.be\/#website"},"datePublished":"2021-05-10T08:27:20+00:00","dateModified":"2021-09-13T14:34:06+00:00","description":"C\u2019est avec vous et gr\u00e2ce \u00e0 vous que nous pouvons agir. Faites un don \u00e0 la SRFB pour soutenir la for\u00eat de demain en Belgique.","breadcrumb":{"@id":"https:\/\/www.treesforfuture.be\/nl\/sponsoring\/#breadcrumb"},"inLanguage":"nl-NL","potentialAction":[{"@type":"ReadAction","target":["https:\/\/www.treesforfuture.be\/nl\/sponsoring\/"]}]},{"@type":"BreadcrumbList","@id":"https:\/\/www.treesforfuture.be\/nl\/sponsoring\/#breadcrumb","itemListElement":[{"@type":"ListItem","position":1,"name":"Accueil","item":"https:\/\/www.treesforfuture.be\/nl\/"},{"@type":"ListItem","position":2,"name":"Sponsoring"}]},{"@type":"WebSite","@id":"https:\/\/www.treesforfuture.be\/#website","url":"https:\/\/www.treesforfuture.be\/","name":"TREES FOR FUTURE","description":"","potentialAction":[{"@type":"SearchAction","target":{"@type":"EntryPoint","urlTemplate":"https:\/\/www.treesforfuture.be\/?s={search_term_string}"},"query-input":{"@type":"PropertyValueSpecification","valueRequired":true,"valueName":"search_term_string"}}],"inLanguage":"nl-NL"}]}},"_links":{"self":[{"href":"https:\/\/www.treesforfuture.be\/nl\/wp-json\/wp\/v2\/pages\/1024","targetHints":{"allow":["GET"]}}],"collection":[{"href":"https:\/\/www.treesforfuture.be\/nl\/wp-json\/wp\/v2\/pages"}],"about":[{"href":"https:\/\/www.treesforfuture.be\/nl\/wp-json\/wp\/v2\/types\/page"}],"author":[{"embeddable":true,"href":"https:\/\/www.treesforfuture.be\/nl\/wp-json\/wp\/v2\/users\/1"}],"replies":[{"embeddable":true,"href":"https:\/\/www.treesforfuture.be\/nl\/wp-json\/wp\/v2\/comments?post=1024"}],"version-history":[{"count":0,"href":"https:\/\/www.treesforfuture.be\/nl\/wp-json\/wp\/v2\/pages\/1024\/revisions"}],"wp:attachment":[{"href":"https:\/\/www.treesforfuture.be\/nl\/wp-json\/wp\/v2\/media?parent=1024"}],"curies":[{"name":"wp","href":"https:\/\/api.w.org\/{rel}","templated":true}]}}