{"id":1030,"date":"2021-05-10T10:31:36","date_gmt":"2021-05-10T08:31:36","guid":{"rendered":"https:\/\/www.treesforfuture.be\/sponsoring\/comment-devenir-mecene\/"},"modified":"2021-09-13T16:35:29","modified_gmt":"2021-09-13T14:35:29","slug":"hoe-sponsor-worden","status":"publish","type":"page","link":"https:\/\/www.treesforfuture.be\/nl\/sponsoring\/hoe-sponsor-worden\/","title":{"rendered":"Hoe sponsor worden?"},"content":{"rendered":"<div class=\"wpb-content-wrapper\"><p>[vc_row content_placement=&#8221;middle&#8221; bg_type=&#8221;image&#8221; parallax_style=&#8221;vcpb-vz-jquery&#8221; bg_image_new=&#8221;id^372|url^https:\/\/www.treesforfuture.be\/wp-content\/uploads\/2021\/05\/IMG_20200707_165402.jpg|caption^null|alt^null|title^IMG_20200707_165402|description^null&#8221; bg_image_repeat=&#8221;no-repeat&#8221; parallax_sense=&#8221;20&#8243; bg_override=&#8221;ex-full&#8221; enable_overlay=&#8221;enable_overlay_value&#8221; overlay_color=&#8221;rgba(0,103,56,0.15)&#8221; el_class=&#8221;custom-main&#8221;][vc_column]<div class=\"ult-spacer spacer-69f13dfee31a8\" data-id=\"69f13dfee31a8\" data-height=\"70\" data-height-mobile=\"0\" data-height-tab=\"70\" data-height-tab-portrait=\"0\" data-height-mobile-landscape=\"0\" style=\"clear:both;display:block;\"><\/div>[vc_row_inner css=&#8221;.vc_custom_1620736001209{padding-top: 80px !important;padding-bottom: 80px !important;}&#8221;][vc_column_inner offset=&#8221;vc_col-lg-offset-2 vc_col-lg-8 vc_col-md-offset-2 vc_col-md-8&#8243;][vc_column_text css_animation=&#8221;none&#8221; el_class=&#8221;custom-white&#8221;]<\/p>\n<h1 style=\"text-align: center;\">Hoe sponsor worden?<\/h1>\n<p>[\/vc_column_text][\/vc_column_inner][\/vc_row_inner]<div class=\"ult-spacer spacer-69f13dfee3204\" data-id=\"69f13dfee3204\" data-height=\"200\" data-height-mobile=\"0\" data-height-tab=\"200\" data-height-tab-portrait=\"0\" data-height-mobile-landscape=\"0\" style=\"clear:both;display:block;\"><\/div>[vc_raw_html css=&#8221;.vc_custom_1620654997937{margin-bottom: 0px !important;}&#8221;]JTNDZGl2JTIwY2xhc3MlM0QlMjJjdXN0b20tc2hhcGUtZGl2aWRlci1ib3R0b20lMjBjdXN0b20tc2hhcGUtd2F2ZXMlMjIlM0UlMEElMjAlMjAlMjAlMjAlM0NzdmclMjB4bWxucyUzRCUyMmh0dHAlM0ElMkYlMkZ3d3cudzMub3JnJTJGMjAwMCUyRnN2ZyUyMiUyMHZpZXdCb3glM0QlMjIwJTIwMCUyMDEyMDAlMjAxMzAlMjIlM0UlM0NwYXRoJTIwc3R5bGUlM0QlMjJmaWxsJTNBJTIzZmZmJTNCJTIyJTIwZCUzRCUyMk0wJTJDMzcuODZzMjQyLjE2JTJDODYuNjYlMkM1MjEuMjUlMkM1LjJDODI0LjUzLTQ1LjQ1JTJDMTA0Ni40NSUyQzMyJTJDMTIwMCUyQzkwLjN2NDMuNzdIMFolMjIlMkYlM0UlM0MlMkZzdmclM0UlMEElM0MlMkZkaXYlM0U=[\/vc_raw_html][\/vc_column][\/vc_row][vc_row equal_height=&#8221;yes&#8221; content_placement=&#8221;middle&#8221; seperator_enable=&#8221;seperator_enable_value&#8221; seperator_type=&#8221;xlarge_circle_seperator&#8221; seperator_position=&#8221;bottom_seperator&#8221; seperator_svg_height=&#8221;100&#8243; seperator_shape_background=&#8221;#e9f0eb&#8221; el_class=&#8221;custom-zindex&#8221;][vc_column width=&#8221;2\/3&#8243; css=&#8221;.vc_custom_1627548960580{padding-top: 0px !important;}&#8221;]<div class=\"ult-spacer spacer-69f13dfee323a\" data-id=\"69f13dfee323a\" data-height=\"0\" data-height-mobile=\"80\" data-height-tab=\"0\" data-height-tab-portrait=\"100\" data-height-mobile-landscape=\"80\" style=\"clear:both;display:block;\"><\/div>[vc_column_text]<\/p>\n<h2>Samen voor de toekomst van onze bossen<\/h2>\n<p class=\"p1\">Ben jij bezorgd over de toekomst van onze bossen? Wil jij je organisatie bij het project <strong>Trees for Future<\/strong> betrekken door sponsor te worden?<\/p>\n<p class=\"p1\">Jouw regelmatige steun biedt ons de middelen om onze missie op de lange termijn voort te zetten.<\/p>\n<p>[\/vc_column_text][vc_column_text]<\/p>\n<h2>Je bent een :<\/h2>\n<p>[\/vc_column_text]<div class=\"ult-content-box-container \" >\t<a class=\"ult-content-box-anchor\" href=\"https:\/\/www.treesforfuture.be\/nl\/sponsoring\/hoe-sponsor-worden\/individu\/\" title=\"Individu\" >\t\t<div class=\"ult-content-box\" style=\"background-color:rgba(255,202,0,0.1);box-shadow: px px px px none;border-style:solid;border-width:0px;border-radius:10px;padding-top:20px;padding-right:20px;padding-left:20px;margin-bottom:20px;-webkit-transition: all 700ms ease;-moz-transition: all 700ms ease;-ms-transition: all 700ms ease;-o-transition: all 700ms ease;transition: all 700ms ease;\"  data-hover_bg_color=\"rgba(255,202,0,0.2)\"  data-hover_box_shadow=\"none\"    data-normal_margins=\"margin-bottom:20px;\"   data-bg=\"rgba(255,202,0,0.1)\"  data-border_color=\"\" ><div class=\"aio-icon-component  vc_custom_1631538547308   style_1\"><div id=\"Info-box-wrap-8751\" class=\"aio-icon-box left-icon\" style=\"\"  ><div class=\"aio-icon-left\"><div class=\"ult-just-icon-wrapper  \"><div class=\"align-icon\" style=\"text-align:center;\">\n<div class=\"aio-icon none \"  style=\"color:#ffca00;font-size:25px;display:inline-block;\">\n\t<i class=\"fas fa-user\"><\/i>\n<\/div><\/div><\/div><\/div><div class=\"aio-ibd-block\"><div class=\"aio-icon-header\" ><p class=\"aio-icon-title ult-responsive\"  data-ultimate-target='#Info-box-wrap-8751 .aio-icon-title'  data-responsive-json-new='{\"font-size\":\"desktop:20px;\",\"line-height\":\"desktop:30px;\"}'  style=\"color:#ffca00;\">Een individu<\/p><\/div> <!-- header --><\/div> <!-- aio-ibd-block --><\/div> <!-- aio-icon-box --><\/div> <!-- aio-icon-component -->\t\t<\/div>\t<\/a><\/div><div class=\"ult-content-box-container \" >\t<a class=\"ult-content-box-anchor\" href=\"https:\/\/www.treesforfuture.be\/nl\/sponsoring\/hoe-sponsor-worden\/onderneming\/\" title=\"Onderneming\" >\t\t<div class=\"ult-content-box\" style=\"background-color:rgba(0,206,209,0.06);box-shadow: px px px px none;border-style:solid;border-width:0px;border-radius:10px;padding-top:20px;padding-right:20px;padding-left:20px;margin-bottom:20px;-webkit-transition: all 700ms ease;-moz-transition: all 700ms ease;-ms-transition: all 700ms ease;-o-transition: all 700ms ease;transition: all 700ms ease;\"  data-hover_bg_color=\"rgba(0,206,209,0.15)\"  data-hover_box_shadow=\"none\"    data-normal_margins=\"margin-bottom:20px;\"   data-bg=\"rgba(0,206,209,0.06)\"  data-border_color=\"\" ><div class=\"aio-icon-component  vc_custom_1631538556571   style_1\"><div id=\"Info-box-wrap-2727\" class=\"aio-icon-box left-icon\" style=\"\"  ><div class=\"aio-icon-left\"><div class=\"ult-just-icon-wrapper  \"><div class=\"align-icon\" style=\"text-align:center;\">\n<div class=\"aio-icon none \"  style=\"color:#00ced1;font-size:25px;display:inline-block;\">\n\t<i class=\"fas fa-hospital-user\"><\/i>\n<\/div><\/div><\/div><\/div><div class=\"aio-ibd-block\"><div class=\"aio-icon-header\" ><p class=\"aio-icon-title ult-responsive\"  data-ultimate-target='#Info-box-wrap-2727 .aio-icon-title'  data-responsive-json-new='{\"font-size\":\"desktop:20px;\",\"line-height\":\"desktop:30px;\"}'  style=\"color:#00ced1;\">Een onderneming<\/p><\/div> <!-- header --><\/div> <!-- aio-ibd-block --><\/div> <!-- aio-icon-box --><\/div> <!-- aio-icon-component -->\t\t<\/div>\t<\/a><\/div>[\/vc_column][vc_column width=&#8221;1\/2&#8243; css=&#8221;.vc_custom_1627548975288{padding-top: 0px !important;padding-right: 0px !important;padding-bottom: 0px !important;}&#8221; offset=&#8221;vc_col-lg-4&#8243;][vc_single_image image=&#8221;751&#8243; img_size=&#8221;700&#215;700&#8243; style=&#8221;vc_box_circle_2&#8243; css_animation=&#8221;fadeIn&#8221; css=&#8221;.vc_custom_1627559098051{margin-right: -35% !important;margin-bottom: 0px !important;}&#8221;][\/vc_column][\/vc_row]<\/p>\n<\/div>","protected":false},"excerpt":{"rendered":"<p>[vc_row content_placement=&#8221;middle&#8221; bg_type=&#8221;image&#8221; parallax_style=&#8221;vcpb-vz-jquery&#8221; bg_image_new=&#8221;id^372|url^https:\/\/www.treesforfuture.be\/wp-content\/uploads\/2021\/05\/IMG_20200707_165402.jpg|caption^null|alt^null|title^IMG_20200707_165402|description^null&#8221; bg_image_repeat=&#8221;no-repeat&#8221; parallax_sense=&#8221;20&#8243; bg_override=&#8221;ex-full&#8221; enable_overlay=&#8221;enable_overlay_value&#8221; overlay_color=&#8221;rgba(0,103,56,0.15)&#8221; el_class=&#8221;custom-main&#8221;][vc_column][vc_row_inner css=&#8221;.vc_custom_1620736001209{padding-top: 80px !important;padding-bottom: 80px !important;}&#8221;][vc_column_inner offset=&#8221;vc_col-lg-offset-2 vc_col-lg-8 vc_col-md-offset-2 vc_col-md-8&#8243;][vc_column_text css_animation=&#8221;none&#8221; el_class=&#8221;custom-white&#8221;] Hoe sponsor worden? [\/vc_column_text][\/vc_column_inner][\/vc_row_inner][vc_raw_html css=&#8221;.vc_custom_1620654997937{margin-bottom: 0px !important;}&#8221;]JTNDZGl2JTIwY2xhc3MlM0QlMjJjdXN0b20tc2hhcGUtZGl2aWRlci1ib3R0b20lMjBjdXN0b20tc2hhcGUtd2F2ZXMlMjIlM0UlMEElMjAlMjAlMjAlMjAlM0NzdmclMjB4bWxucyUzRCUyMmh0dHAlM0ElMkYlMkZ3d3cudzMub3JnJTJGMjAwMCUyRnN2ZyUyMiUyMHZpZXdCb3glM0QlMjIwJTIwMCUyMDEyMDAlMjAxMzAlMjIlM0UlM0NwYXRoJTIwc3R5bGUlM0QlMjJmaWxsJTNBJTIzZmZmJTNCJTIyJTIwZCUzRCUyMk0wJTJDMzcuODZzMjQyLjE2JTJDODYuNjYlMkM1MjEuMjUlMkM1LjJDODI0LjUzLTQ1LjQ1JTJDMTA0Ni40NSUyQzMyJTJDMTIwMCUyQzkwLjN2NDMuNzdIMFolMjIlMkYlM0UlM0MlMkZzdmclM0UlMEElM0MlMkZkaXYlM0U=[\/vc_raw_html][\/vc_column][\/vc_row][vc_row equal_height=&#8221;yes&#8221; content_placement=&#8221;middle&#8221; seperator_enable=&#8221;seperator_enable_value&#8221; seperator_type=&#8221;xlarge_circle_seperator&#8221; seperator_position=&#8221;bottom_seperator&#8221; seperator_svg_height=&#8221;100&#8243; seperator_shape_background=&#8221;#e9f0eb&#8221; el_class=&#8221;custom-zindex&#8221;][vc_column width=&#8221;2\/3&#8243; css=&#8221;.vc_custom_1627548960580{padding-top: 0px !important;}&#8221;][vc_column_text] Samen voor de toekomst van onze bossen Ben jij bezorgd over de toekomst van&hellip;<\/p>\n","protected":false},"author":1,"featured_media":0,"parent":1024,"menu_order":2,"comment_status":"closed","ping_status":"closed","template":"","meta":{"footnotes":""},"class_list":["post-1030","page","type-page","status-publish","hentry","description-off"],"yoast_head":"<!-- This site is optimized with the Yoast SEO plugin v27.4 - https:\/\/yoast.com\/product\/yoast-seo-wordpress\/ -->\n<title>Hoe sponsor worden? - TREES FOR FUTURE<\/title>\n<meta name=\"description\" content=\"Que vous soyez un particulier ou une entreprise, vous pouvez soutenir les for\u00eats belges de demain. D\u00e9couvrez comment devenir m\u00e9c\u00e8ne.\" \/>\n<meta name=\"robots\" content=\"index, follow, max-snippet:-1, max-image-preview:large, max-video-preview:-1\" \/>\n<link rel=\"canonical\" href=\"https:\/\/www.treesforfuture.be\/nl\/sponsoring\/hoe-sponsor-worden\/\" \/>\n<meta property=\"og:locale\" content=\"nl_NL\" \/>\n<meta property=\"og:type\" content=\"article\" \/>\n<meta property=\"og:title\" content=\"Hoe sponsor worden? - TREES FOR FUTURE\" \/>\n<meta property=\"og:description\" content=\"Que vous soyez un particulier ou une entreprise, vous pouvez soutenir les for\u00eats belges de demain. D\u00e9couvrez comment devenir m\u00e9c\u00e8ne.\" \/>\n<meta property=\"og:url\" content=\"https:\/\/www.treesforfuture.be\/nl\/sponsoring\/hoe-sponsor-worden\/\" \/>\n<meta property=\"og:site_name\" content=\"TREES FOR FUTURE\" \/>\n<meta property=\"article:modified_time\" content=\"2021-09-13T14:35:29+00:00\" \/>\n<meta name=\"twitter:card\" content=\"summary_large_image\" \/>\n<meta name=\"twitter:label1\" content=\"Geschatte leestijd\" \/>\n\t<meta name=\"twitter:data1\" content=\"1 minuut\" \/>\n<script type=\"application\/ld+json\" class=\"yoast-schema-graph\">{\"@context\":\"https:\\\/\\\/schema.org\",\"@graph\":[{\"@type\":\"WebPage\",\"@id\":\"https:\\\/\\\/www.treesforfuture.be\\\/nl\\\/sponsoring\\\/hoe-sponsor-worden\\\/\",\"url\":\"https:\\\/\\\/www.treesforfuture.be\\\/nl\\\/sponsoring\\\/hoe-sponsor-worden\\\/\",\"name\":\"Hoe sponsor worden? - TREES FOR FUTURE\",\"isPartOf\":{\"@id\":\"https:\\\/\\\/www.treesforfuture.be\\\/#website\"},\"datePublished\":\"2021-05-10T08:31:36+00:00\",\"dateModified\":\"2021-09-13T14:35:29+00:00\",\"description\":\"Que vous soyez un particulier ou une entreprise, vous pouvez soutenir les for\u00eats belges de demain. D\u00e9couvrez comment devenir m\u00e9c\u00e8ne.\",\"breadcrumb\":{\"@id\":\"https:\\\/\\\/www.treesforfuture.be\\\/nl\\\/sponsoring\\\/hoe-sponsor-worden\\\/#breadcrumb\"},\"inLanguage\":\"nl-NL\",\"potentialAction\":[{\"@type\":\"ReadAction\",\"target\":[\"https:\\\/\\\/www.treesforfuture.be\\\/nl\\\/sponsoring\\\/hoe-sponsor-worden\\\/\"]}]},{\"@type\":\"BreadcrumbList\",\"@id\":\"https:\\\/\\\/www.treesforfuture.be\\\/nl\\\/sponsoring\\\/hoe-sponsor-worden\\\/#breadcrumb\",\"itemListElement\":[{\"@type\":\"ListItem\",\"position\":1,\"name\":\"Accueil\",\"item\":\"https:\\\/\\\/www.treesforfuture.be\\\/nl\\\/\"},{\"@type\":\"ListItem\",\"position\":2,\"name\":\"Sponsoring\",\"item\":\"https:\\\/\\\/www.treesforfuture.be\\\/nl\\\/sponsoring\\\/\"},{\"@type\":\"ListItem\",\"position\":3,\"name\":\"Hoe sponsor worden?\"}]},{\"@type\":\"WebSite\",\"@id\":\"https:\\\/\\\/www.treesforfuture.be\\\/#website\",\"url\":\"https:\\\/\\\/www.treesforfuture.be\\\/\",\"name\":\"TREES FOR FUTURE\",\"description\":\"\",\"potentialAction\":[{\"@type\":\"SearchAction\",\"target\":{\"@type\":\"EntryPoint\",\"urlTemplate\":\"https:\\\/\\\/www.treesforfuture.be\\\/?s={search_term_string}\"},\"query-input\":{\"@type\":\"PropertyValueSpecification\",\"valueRequired\":true,\"valueName\":\"search_term_string\"}}],\"inLanguage\":\"nl-NL\"}]}<\/script>\n<!-- \/ Yoast SEO plugin. -->","yoast_head_json":{"title":"Hoe sponsor worden? - TREES FOR FUTURE","description":"Que vous soyez un particulier ou une entreprise, vous pouvez soutenir les for\u00eats belges de demain. D\u00e9couvrez comment devenir m\u00e9c\u00e8ne.","robots":{"index":"index","follow":"follow","max-snippet":"max-snippet:-1","max-image-preview":"max-image-preview:large","max-video-preview":"max-video-preview:-1"},"canonical":"https:\/\/www.treesforfuture.be\/nl\/sponsoring\/hoe-sponsor-worden\/","og_locale":"nl_NL","og_type":"article","og_title":"Hoe sponsor worden? - TREES FOR FUTURE","og_description":"Que vous soyez un particulier ou une entreprise, vous pouvez soutenir les for\u00eats belges de demain. D\u00e9couvrez comment devenir m\u00e9c\u00e8ne.","og_url":"https:\/\/www.treesforfuture.be\/nl\/sponsoring\/hoe-sponsor-worden\/","og_site_name":"TREES FOR FUTURE","article_modified_time":"2021-09-13T14:35:29+00:00","twitter_card":"summary_large_image","twitter_misc":{"Geschatte leestijd":"1 minuut"},"schema":{"@context":"https:\/\/schema.org","@graph":[{"@type":"WebPage","@id":"https:\/\/www.treesforfuture.be\/nl\/sponsoring\/hoe-sponsor-worden\/","url":"https:\/\/www.treesforfuture.be\/nl\/sponsoring\/hoe-sponsor-worden\/","name":"Hoe sponsor worden? - TREES FOR FUTURE","isPartOf":{"@id":"https:\/\/www.treesforfuture.be\/#website"},"datePublished":"2021-05-10T08:31:36+00:00","dateModified":"2021-09-13T14:35:29+00:00","description":"Que vous soyez un particulier ou une entreprise, vous pouvez soutenir les for\u00eats belges de demain. D\u00e9couvrez comment devenir m\u00e9c\u00e8ne.","breadcrumb":{"@id":"https:\/\/www.treesforfuture.be\/nl\/sponsoring\/hoe-sponsor-worden\/#breadcrumb"},"inLanguage":"nl-NL","potentialAction":[{"@type":"ReadAction","target":["https:\/\/www.treesforfuture.be\/nl\/sponsoring\/hoe-sponsor-worden\/"]}]},{"@type":"BreadcrumbList","@id":"https:\/\/www.treesforfuture.be\/nl\/sponsoring\/hoe-sponsor-worden\/#breadcrumb","itemListElement":[{"@type":"ListItem","position":1,"name":"Accueil","item":"https:\/\/www.treesforfuture.be\/nl\/"},{"@type":"ListItem","position":2,"name":"Sponsoring","item":"https:\/\/www.treesforfuture.be\/nl\/sponsoring\/"},{"@type":"ListItem","position":3,"name":"Hoe sponsor worden?"}]},{"@type":"WebSite","@id":"https:\/\/www.treesforfuture.be\/#website","url":"https:\/\/www.treesforfuture.be\/","name":"TREES FOR FUTURE","description":"","potentialAction":[{"@type":"SearchAction","target":{"@type":"EntryPoint","urlTemplate":"https:\/\/www.treesforfuture.be\/?s={search_term_string}"},"query-input":{"@type":"PropertyValueSpecification","valueRequired":true,"valueName":"search_term_string"}}],"inLanguage":"nl-NL"}]}},"_links":{"self":[{"href":"https:\/\/www.treesforfuture.be\/nl\/wp-json\/wp\/v2\/pages\/1030","targetHints":{"allow":["GET"]}}],"collection":[{"href":"https:\/\/www.treesforfuture.be\/nl\/wp-json\/wp\/v2\/pages"}],"about":[{"href":"https:\/\/www.treesforfuture.be\/nl\/wp-json\/wp\/v2\/types\/page"}],"author":[{"embeddable":true,"href":"https:\/\/www.treesforfuture.be\/nl\/wp-json\/wp\/v2\/users\/1"}],"replies":[{"embeddable":true,"href":"https:\/\/www.treesforfuture.be\/nl\/wp-json\/wp\/v2\/comments?post=1030"}],"version-history":[{"count":0,"href":"https:\/\/www.treesforfuture.be\/nl\/wp-json\/wp\/v2\/pages\/1030\/revisions"}],"up":[{"embeddable":true,"href":"https:\/\/www.treesforfuture.be\/nl\/wp-json\/wp\/v2\/pages\/1024"}],"wp:attachment":[{"href":"https:\/\/www.treesforfuture.be\/nl\/wp-json\/wp\/v2\/media?parent=1030"}],"curies":[{"name":"wp","href":"https:\/\/api.w.org\/{rel}","templated":true}]}}