{"id":1064,"date":"2021-05-10T07:03:48","date_gmt":"2021-05-10T07:03:48","guid":{"rendered":"https:\/\/www.treesforfuture.be\/politique-de-confidentialite\/"},"modified":"2022-01-11T16:53:38","modified_gmt":"2022-01-11T15:53:38","slug":"politique-de-confidentialite","status":"publish","type":"page","link":"https:\/\/www.treesforfuture.be\/nl\/politique-de-confidentialite\/","title":{"rendered":"Politique de confidentialit\u00e9"},"content":{"rendered":"<div class=\"wpb-content-wrapper\"><p>[vc_row][vc_column][vc_single_image image=&#8221;1795&#8243; img_size=&#8221;medium&#8221; alignment=&#8221;center&#8221;][\/vc_column][\/vc_row][vc_row][vc_column][vc_column_text]<\/p>\n<p><strong>D\u00e9claration de Confidentialit\u00e9 de la Soci\u00e9t\u00e9 Royale Foresti\u00e8re de Belgique <\/strong>(d\u00e9taill\u00e9e)<\/p>\n<h1><u>Politique relative \u00e0 la vie priv\u00e9e<\/u><\/h1>\n<p>Afin de respecter votre droit \u00e0 la vie priv\u00e9e et \u00e0 la confidentialit\u00e9 de vos donn\u00e9es, et de se conformer au r\u00e8glement UE 2016\/679, la Soci\u00e9t\u00e9 Royale Foresti\u00e8re de Belgique (SRFB), souhaite vous informer de la mani\u00e8re dont elle traite (collecte, enregistre, utilise et conserve) les informations personnelles que vous lui communiquez et dont elle assume la responsabilit\u00e9.<\/p>\n<p>Les principes de protection sont immuables \u00e0 l\u2019avenir. Cependant, certains d\u00e9tails d\u00e9crits ci- dessous pourraient \u00e9voluer en raison de la technologie ou de l\u2019\u00e9tat de l\u2019art en la mati\u00e8re: ils seront alors mis \u00e0 jour dans cette notice qui sera publi\u00e9e sur les sites internet de la SRFB et de Trees for Future.<\/p>\n<p>Les responsables respectifs du traitement de vos donn\u00e9es \u00e0 caract\u00e8re personnel, sont le Directeur de la SRFB et le sous-traitant sp\u00e9cifique \u00e0 la base de donn\u00e9es informatique, le Directeur de l\u2019entreprise Poush sprl.<\/p>\n<h1><u>Quelles sont vos donn\u00e9es personnelles dont nous avons besoin ?<\/u><\/h1>\n<ul>\n<li>les informations n\u00e9cessaires pour vous identifier ou vous contacter : nom, pr\u00e9nom, ann\u00e9e de naissance, civilit\u00e9 ; adresse postale &amp; courriel, num\u00e9ro de t\u00e9l\u00e9phone fixe et mobile ; adresse r\u00e9seaux sociaux, &#8230;<\/li>\n<li>les informations utiles pour calculer le montant de votre cotisation annuelle, vos assurances ou certification PEFC \u00e9ventuelles, le cas \u00e9ch\u00e9ant : surface foresti\u00e8re totale, surface agricole totale, localisation et surfaces de vos parcelles, type d\u2019arbres, &#8230; (optionnel)<\/li>\n<li>les informations utiles destin\u00e9es \u00e0 vous informer sur des changements de la politique locale, r\u00e9gionale ou internationale qui concernent vos propri\u00e9t\u00e9s comme indiqu\u00e9 dans notre base de donn\u00e9es<\/li>\n<li>vos centres d\u2019int\u00e9r\u00eat et pr\u00e9f\u00e9rences en mati\u00e8re de sylviculture (optionnel) pour vous inviter de fa\u00e7on personnalis\u00e9e \u00e0 nos formations, conf\u00e9rences ou activit\u00e9s particuli\u00e8res, \u2026<\/li>\n<li>vos inscriptions aux assembl\u00e9es, conf\u00e9rences, formations et commandes d\u2019achat en librairie ou d\u2019achats group\u00e9s, &#8230;<\/li>\n<li>les informations pr\u00e9cises que vous nous communiquez dans le cadre d\u2019un conseil fourni, d\u2019un coaching personnel ou d\u2019un service.<\/li>\n<\/ul>\n<h1><u>\u00c0 quelles fins utilisons-nous vos informations personnelles ?<\/u><\/h1>\n<p>Vos donn\u00e9es sont n\u00e9cessaires \u00e0 la SRFB pour offrir l\u2019ensemble des services r\u00e9serv\u00e9s \u00e0 leurs membres : l\u2019affiliation, la cotisation, les assurances, la certification, l\u2019envoi de \u2018Silva Belgica\u2019 et \u2018Silva mail\u2019, les services juridiques et prochainement depuis l\u2019inscription jusqu\u2019au paiement en ligne de la librairie, des services, formations et activit\u00e9s diverses&#8230;<\/p>\n<p>Ces services sont possibles gr\u00e2ce \u00e0 l\u2019utilisation des informations personnelles que vous nous communiquez.<\/p>\n<h1>Comment pr\u00e9servons-nous la confidentialit\u00e9 de vos donn\u00e9es personnelles ?<\/h1>\n<p>Vos informations personnelles sont stock\u00e9es dans des environnements d\u2019exploitation s\u00e9curis\u00e9s, inaccessibles au public, mais uniquement :<\/p>\n<ul>\n<li>aux employ\u00e9s autoris\u00e9s de la SRFB.<\/li>\n<li>aux employ\u00e9s du sous-traitant Poush srl charg\u00e9 de l\u2019int\u00e9grit\u00e9 et de la maintenance de notre base de donn\u00e9es et de nos<\/li>\n<\/ul>\n<p>Tous les d\u00e9tails des transactions (incluant date, heure, op\u00e9rateur, cr\u00e9ation, consultation, modification, suppression) effectu\u00e9es dans la base de donn\u00e9es sont enregistr\u00e9s dans un fichier d\u2019audit accessible exclusivement par le responsable du traitement en cas de litige ou suspicion de fuite ou violation.<\/p>\n<p>Les responsables de traitement et leur sous-traitant, prennent toutes les mesures ad\u00e9quates pour prot\u00e9ger vos donn\u00e9es patrimoniales.<\/p>\n<h1>\u00c0 qui divulguons-nous vos informations personnelles et pourquoi ?<\/h1>\n<p><em>La SRFB ne divulgue vos donn\u00e9es personnelles \u00e0 aucun tiers et ne publient aucune de vos donn\u00e9es personnelles pour vous \u00e9viter toutes d\u00e9marches et envois de messages non- sollicit\u00e9s. Ce r\u00e9gime g\u00e9n\u00e9ral peut comporter des exceptions lorsque les partenaires<\/em><\/p>\n<p><em>ou propri\u00e9taires des donn\u00e9es personnelles ont autoris\u00e9 au pr\u00e9alable la diffusion circonstanci\u00e9e et limit\u00e9e de tout ou d&#8217;une partie de ces informations.<\/em><\/p>\n<h1>Pendant combien de temps conservons-nous vos informations personnelles ?<\/h1>\n<p>Nous conservons vos donn\u00e9es personnelles aussi longtemps qu\u2019elles sont pertinentes pour r\u00e9pondre aux objectifs pour lesquels elles ont \u00e9t\u00e9 collect\u00e9es.<\/p>\n<p>Les donn\u00e9es li\u00e9es \u00e0 des actions ponctuelles sont supprim\u00e9es apr\u00e8s le d\u00e9lai n\u00e9cessaire pour l\u2019action en question ou apr\u00e8s la p\u00e9riode l\u00e9gale de conservation des donn\u00e9es et seraient rendues anonymes en cas d\u2019int\u00e9r\u00eat statistique \u00e0 plus long terme.<\/p>\n<h1>Technologie de suivi \u2013 Comment et pourquoi l\u2019utilisons-nous ?<\/h1>\n<p>Pour nous permettre d\u2019adapter et am\u00e9liorer en permanence nos diff\u00e9rents services \u00e0 l\u2019intention de nos membres et visiteurs qui consultent notre site web, nous effectuons une analyse d\u2019audience internet au moyen de l\u2019outil \u00ab Google Analytics \u00bb.<\/p>\n<p>Le \u00ab cookie \u00bb (petit fichier enregistr\u00e9 sur la machine du visiteur d\u2019un site web) associ\u00e9 au site de la SRFB, ou de Trees for Future n\u2019enregistre aucune donn\u00e9e de navigation permettant un profilage.<\/p>\n<h1>Comment pouvez-vous acc\u00e9der \u00e0 vos informations personnelles et les modifier ?<\/h1>\n<p>Vous pouvez nous transmettre par les moyens de communication classiques, toute demande pour connaitre vos donn\u00e9es personnelles ou apporter une modification afin de corriger une erreur ou impr\u00e9cision.<\/p>\n<h1>Comment pouvez-vous nous contacter ?<\/h1>\n<p>Une rubrique \u00ab Contact \u00bb situ\u00e9e dans la ligne sup\u00e9rieure du site web de la SRFB, ou du site web de Trees for Future, permet \u00e0 tout visiteur de transmettre un message au responsable du traitement.<\/p>\n<p>Les membres peuvent \u00e9galement nous \u00e9crire \u00e0 l\u2019adresse suivante:<\/p>\n<p><strong>Soci\u00e9t\u00e9 Royale Foresti\u00e8re de Belgique <\/strong>: Boulevard Bischoffsheim, 1-8 \u00e0 1000 Bruxelles ou par courriel \u00e0 <a href=\"mailto:info@srfb-kbbm.be\">info@srfb-kbbm.be<\/a><\/p>\n<p>&nbsp;<\/p>\n<p>[\/vc_column_text][\/vc_column][\/vc_row]<\/p>\n<\/div>","protected":false},"excerpt":{"rendered":"<p>[vc_row][vc_column][vc_single_image image=&#8221;1795&#8243; img_size=&#8221;medium&#8221; alignment=&#8221;center&#8221;][\/vc_column][\/vc_row][vc_row][vc_column][vc_column_text] D\u00e9claration de Confidentialit\u00e9 de la Soci\u00e9t\u00e9 Royale Foresti\u00e8re de Belgique (d\u00e9taill\u00e9e) Politique relative \u00e0 la vie priv\u00e9e Afin de respecter votre droit \u00e0 la vie priv\u00e9e et \u00e0 la confidentialit\u00e9 de vos donn\u00e9es, et de se conformer au r\u00e8glement UE 2016\/679, la Soci\u00e9t\u00e9 Royale Foresti\u00e8re de Belgique (SRFB), souhaite vous informer&hellip;<\/p>\n","protected":false},"author":1,"featured_media":0,"parent":0,"menu_order":101,"comment_status":"closed","ping_status":"closed","template":"","meta":{"footnotes":""},"class_list":["post-1064","page","type-page","status-publish","hentry","description-off"],"yoast_head":"<!-- This site is optimized with the Yoast SEO plugin v27.4 - https:\/\/yoast.com\/product\/yoast-seo-wordpress\/ -->\n<title>Politique de confidentialit\u00e9 - TREES FOR FUTURE<\/title>\n<meta name=\"robots\" content=\"index, follow, max-snippet:-1, max-image-preview:large, max-video-preview:-1\" \/>\n<link rel=\"canonical\" href=\"https:\/\/www.treesforfuture.be\/nl\/politique-de-confidentialite\/\" \/>\n<meta property=\"og:locale\" content=\"nl_NL\" \/>\n<meta property=\"og:type\" content=\"article\" \/>\n<meta property=\"og:title\" content=\"Politique de confidentialit\u00e9 - TREES FOR FUTURE\" \/>\n<meta property=\"og:description\" content=\"[vc_row][vc_column][vc_single_image image=&#8221;1795&#8243; img_size=&#8221;medium&#8221; alignment=&#8221;center&#8221;][\/vc_column][\/vc_row][vc_row][vc_column][vc_column_text] D\u00e9claration de Confidentialit\u00e9 de la Soci\u00e9t\u00e9 Royale Foresti\u00e8re de Belgique (d\u00e9taill\u00e9e) Politique relative \u00e0 la vie priv\u00e9e Afin de respecter votre droit \u00e0 la vie priv\u00e9e et \u00e0 la confidentialit\u00e9 de vos donn\u00e9es, et de se conformer au r\u00e8glement UE 2016\/679, la Soci\u00e9t\u00e9 Royale Foresti\u00e8re de Belgique (SRFB), souhaite vous informer&hellip;\" \/>\n<meta property=\"og:url\" content=\"https:\/\/www.treesforfuture.be\/nl\/politique-de-confidentialite\/\" \/>\n<meta property=\"og:site_name\" content=\"TREES FOR FUTURE\" \/>\n<meta property=\"article:modified_time\" content=\"2022-01-11T15:53:38+00:00\" \/>\n<meta name=\"twitter:card\" content=\"summary_large_image\" \/>\n<meta name=\"twitter:label1\" content=\"Geschatte leestijd\" \/>\n\t<meta name=\"twitter:data1\" content=\"5 minuten\" \/>\n<script type=\"application\/ld+json\" class=\"yoast-schema-graph\">{\"@context\":\"https:\\\/\\\/schema.org\",\"@graph\":[{\"@type\":\"WebPage\",\"@id\":\"https:\\\/\\\/www.treesforfuture.be\\\/nl\\\/politique-de-confidentialite\\\/\",\"url\":\"https:\\\/\\\/www.treesforfuture.be\\\/nl\\\/politique-de-confidentialite\\\/\",\"name\":\"Politique de confidentialit\u00e9 - TREES FOR FUTURE\",\"isPartOf\":{\"@id\":\"https:\\\/\\\/www.treesforfuture.be\\\/#website\"},\"datePublished\":\"2021-05-10T07:03:48+00:00\",\"dateModified\":\"2022-01-11T15:53:38+00:00\",\"breadcrumb\":{\"@id\":\"https:\\\/\\\/www.treesforfuture.be\\\/nl\\\/politique-de-confidentialite\\\/#breadcrumb\"},\"inLanguage\":\"nl-NL\",\"potentialAction\":[{\"@type\":\"ReadAction\",\"target\":[\"https:\\\/\\\/www.treesforfuture.be\\\/nl\\\/politique-de-confidentialite\\\/\"]}]},{\"@type\":\"BreadcrumbList\",\"@id\":\"https:\\\/\\\/www.treesforfuture.be\\\/nl\\\/politique-de-confidentialite\\\/#breadcrumb\",\"itemListElement\":[{\"@type\":\"ListItem\",\"position\":1,\"name\":\"Accueil\",\"item\":\"https:\\\/\\\/www.treesforfuture.be\\\/nl\\\/\"},{\"@type\":\"ListItem\",\"position\":2,\"name\":\"Politique de confidentialit\u00e9\"}]},{\"@type\":\"WebSite\",\"@id\":\"https:\\\/\\\/www.treesforfuture.be\\\/#website\",\"url\":\"https:\\\/\\\/www.treesforfuture.be\\\/\",\"name\":\"TREES FOR FUTURE\",\"description\":\"\",\"potentialAction\":[{\"@type\":\"SearchAction\",\"target\":{\"@type\":\"EntryPoint\",\"urlTemplate\":\"https:\\\/\\\/www.treesforfuture.be\\\/?s={search_term_string}\"},\"query-input\":{\"@type\":\"PropertyValueSpecification\",\"valueRequired\":true,\"valueName\":\"search_term_string\"}}],\"inLanguage\":\"nl-NL\"}]}<\/script>\n<!-- \/ Yoast SEO plugin. -->","yoast_head_json":{"title":"Politique de confidentialit\u00e9 - TREES FOR FUTURE","robots":{"index":"index","follow":"follow","max-snippet":"max-snippet:-1","max-image-preview":"max-image-preview:large","max-video-preview":"max-video-preview:-1"},"canonical":"https:\/\/www.treesforfuture.be\/nl\/politique-de-confidentialite\/","og_locale":"nl_NL","og_type":"article","og_title":"Politique de confidentialit\u00e9 - TREES FOR FUTURE","og_description":"[vc_row][vc_column][vc_single_image image=&#8221;1795&#8243; img_size=&#8221;medium&#8221; alignment=&#8221;center&#8221;][\/vc_column][\/vc_row][vc_row][vc_column][vc_column_text] D\u00e9claration de Confidentialit\u00e9 de la Soci\u00e9t\u00e9 Royale Foresti\u00e8re de Belgique (d\u00e9taill\u00e9e) Politique relative \u00e0 la vie priv\u00e9e Afin de respecter votre droit \u00e0 la vie priv\u00e9e et \u00e0 la confidentialit\u00e9 de vos donn\u00e9es, et de se conformer au r\u00e8glement UE 2016\/679, la Soci\u00e9t\u00e9 Royale Foresti\u00e8re de Belgique (SRFB), souhaite vous informer&hellip;","og_url":"https:\/\/www.treesforfuture.be\/nl\/politique-de-confidentialite\/","og_site_name":"TREES FOR FUTURE","article_modified_time":"2022-01-11T15:53:38+00:00","twitter_card":"summary_large_image","twitter_misc":{"Geschatte leestijd":"5 minuten"},"schema":{"@context":"https:\/\/schema.org","@graph":[{"@type":"WebPage","@id":"https:\/\/www.treesforfuture.be\/nl\/politique-de-confidentialite\/","url":"https:\/\/www.treesforfuture.be\/nl\/politique-de-confidentialite\/","name":"Politique de confidentialit\u00e9 - TREES FOR FUTURE","isPartOf":{"@id":"https:\/\/www.treesforfuture.be\/#website"},"datePublished":"2021-05-10T07:03:48+00:00","dateModified":"2022-01-11T15:53:38+00:00","breadcrumb":{"@id":"https:\/\/www.treesforfuture.be\/nl\/politique-de-confidentialite\/#breadcrumb"},"inLanguage":"nl-NL","potentialAction":[{"@type":"ReadAction","target":["https:\/\/www.treesforfuture.be\/nl\/politique-de-confidentialite\/"]}]},{"@type":"BreadcrumbList","@id":"https:\/\/www.treesforfuture.be\/nl\/politique-de-confidentialite\/#breadcrumb","itemListElement":[{"@type":"ListItem","position":1,"name":"Accueil","item":"https:\/\/www.treesforfuture.be\/nl\/"},{"@type":"ListItem","position":2,"name":"Politique de confidentialit\u00e9"}]},{"@type":"WebSite","@id":"https:\/\/www.treesforfuture.be\/#website","url":"https:\/\/www.treesforfuture.be\/","name":"TREES FOR FUTURE","description":"","potentialAction":[{"@type":"SearchAction","target":{"@type":"EntryPoint","urlTemplate":"https:\/\/www.treesforfuture.be\/?s={search_term_string}"},"query-input":{"@type":"PropertyValueSpecification","valueRequired":true,"valueName":"search_term_string"}}],"inLanguage":"nl-NL"}]}},"_links":{"self":[{"href":"https:\/\/www.treesforfuture.be\/nl\/wp-json\/wp\/v2\/pages\/1064","targetHints":{"allow":["GET"]}}],"collection":[{"href":"https:\/\/www.treesforfuture.be\/nl\/wp-json\/wp\/v2\/pages"}],"about":[{"href":"https:\/\/www.treesforfuture.be\/nl\/wp-json\/wp\/v2\/types\/page"}],"author":[{"embeddable":true,"href":"https:\/\/www.treesforfuture.be\/nl\/wp-json\/wp\/v2\/users\/1"}],"replies":[{"embeddable":true,"href":"https:\/\/www.treesforfuture.be\/nl\/wp-json\/wp\/v2\/comments?post=1064"}],"version-history":[{"count":0,"href":"https:\/\/www.treesforfuture.be\/nl\/wp-json\/wp\/v2\/pages\/1064\/revisions"}],"wp:attachment":[{"href":"https:\/\/www.treesforfuture.be\/nl\/wp-json\/wp\/v2\/media?parent=1064"}],"curies":[{"name":"wp","href":"https:\/\/api.w.org\/{rel}","templated":true}]}}